{"id":21560,"date":"2017-10-30T10:11:15","date_gmt":"2017-10-30T09:11:15","guid":{"rendered":"http:\/\/hippodrome-cotedazur.fr\/site\/?page_id=21560"},"modified":"2019-01-18T15:37:08","modified_gmt":"2019-01-18T14:37:08","slug":"mentions-legales","status":"publish","type":"page","link":"https:\/\/hippodrome-cotedazur.fr\/site\/mentions-legales\/","title":{"rendered":"Mentions l\u00e9gales"},"content":{"rendered":"<div class=\"wpb-content-wrapper\"><p>[vc_row row_type=\u00a0\u00bbrow\u00a0\u00bb use_row_as_full_screen_section=\u00a0\u00bbno\u00a0\u00bb type=\u00a0\u00bbfull_width\u00a0\u00bb text_align=\u00a0\u00bbleft\u00a0\u00bb background_animation=\u00a0\u00bbnone\u00a0\u00bb css_animation=\u00a0\u00bb\u00a0\u00bb][vc_column width=\u00a0\u00bb1\/6&Prime;][\/vc_column][vc_column css_animation=\u00a0\u00bbfadeInUp\u00a0\u00bb width=\u00a0\u00bb2\/3&Prime;][vc_row_inner row_type=\u00a0\u00bbrow\u00a0\u00bb type=\u00a0\u00bbfull_width\u00a0\u00bb use_row_as_full_screen_section_slide=\u00a0\u00bbno\u00a0\u00bb text_align=\u00a0\u00bbleft\u00a0\u00bb css_animation=\u00a0\u00bb\u00a0\u00bb][vc_column_inner][vc_separator type=\u00a0\u00bbtransparent\u00a0\u00bb border_style=\u00a0\u00bb\u00a0\u00bb up=\u00a0\u00bb20&Prime; down=\u00a0\u00bb20&Prime;][vc_separator type=\u00a0\u00bbtransparent\u00a0\u00bb border_style=\u00a0\u00bb\u00a0\u00bb up=\u00a0\u00bb20&Prime; down=\u00a0\u00bb20&Prime;][vc_column_text css=\u00a0\u00bb.vc_custom_1510673114337{padding-right: 20px !important;padding-left: 20px !important;}\u00a0\u00bb]<\/p>\n<h1 style=\"text-align: center;\">Mentions l\u00e9gales<\/h1>\n<p>[\/vc_column_text][vc_separator type=\u00a0\u00bbtransparent\u00a0\u00bb border_style=\u00a0\u00bb\u00a0\u00bb up=\u00a0\u00bb20&Prime; down=\u00a0\u00bb20&Prime;][\/vc_column_inner][\/vc_row_inner][vc_row_inner row_type=\u00a0\u00bbrow\u00a0\u00bb type=\u00a0\u00bbfull_width\u00a0\u00bb use_row_as_full_screen_section_slide=\u00a0\u00bbno\u00a0\u00bb text_align=\u00a0\u00bbleft\u00a0\u00bb css_animation=\u00a0\u00bb\u00a0\u00bb][vc_column_inner width=\u00a0\u00bb1\/2&Prime; css=\u00a0\u00bb.vc_custom_1509556550748{padding-right: 50px !important;padding-left: 50px !important;}\u00a0\u00bb][vc_column_text]<strong>Propri\u00e9t\u00e9 du site<\/strong><\/p>\n<p>Le site www.hippodrome-cotedazur.fr, les contenus de toute forme, sa charte graphique, sont la propri\u00e9t\u00e9 de SOCIETE DES COURSES DE LA COTE D\u2019AZUR<br \/>\nN\u00b0 de SIREN : 775 552 102<br \/>\nN\u00b0 de SIRET : 775 552 102 00037<br \/>\n2 Bd Kennedy \u2013 06803 Cagnes-sur-Mer Cedex<br \/>\nT\u00e9l : 04 92 02 44 44 \u2013 <a href=\"mailto:secretariat@hippodrome-cotedazur.com\">secretariat@hippodrome-cotedazur.com<\/a><br \/>\nDirecteur de publication du site : Thomas Roucayrol<\/p>\n<p><strong><span style=\"color: #587c89;\">Design :<\/span><\/strong> <a href=\"http:\/\/www.polecompany.fr\" target=\"_blank\" rel=\"noopener\">P\u00f4le Company<\/a>, Agence Conseil en Communication<br \/>\n<strong><span style=\"color: #587c89;\">D\u00e9veloppement :<\/span><\/strong> <a href=\"http:\/\/www.fgconsultingweb.com\" target=\"_blank\" rel=\"noopener\">FG Consulting<\/a><br \/>\n<strong><span style=\"color: #587c89;\">H\u00e9bergement du site :<\/span><\/strong> OVH<br \/>\n<strong><span style=\"color: #587c89;\">Cr\u00e9dits photos :<\/span><\/strong> B. Sidler, C. Terrier, F. Follet, G. Martinez, A. Viguier.<\/p>\n<p><strong>Marques<\/strong><\/p>\n<p>Les marques et logos figurant sur le site sont des marques et logos d\u00e9pos\u00e9s. Toute reproduction totale ou partielle de ces marques et logos sans autorisation expresse de leurs ayants droits est prohib\u00e9e.<\/p>\n<p><strong>Liens hypertextes<\/strong><\/p>\n<p>Les liens hypertextes, mis en place dans le cadre du pr\u00e9sent site Web en direction d\u2019autres ressources pr\u00e9sentes sur le r\u00e9seau Internet, ne sauraient engager la responsabilit\u00e9 de la Soci\u00e9t\u00e9 des Courses de la C\u00f4te d\u2019Azur.<\/p>\n<p><strong>Copyright<\/strong><\/p>\n<p>Textes et photos non contractuels, pouvant subir de l\u00e9g\u00e8res variations. Toutes les images pr\u00e9sentes sur ce site sont des images prot\u00e9g\u00e9es par copyright. La reproduction et exploitation de ces images sont strictement interdites sans accord \u00e9crit au pr\u00e9alable.<\/p>\n<p><strong>Loi informatique et libert\u00e9s<\/strong><\/p>\n<p>Les utilisateurs du site www.hippodrome-cotedazur.fr sont tenus de respecter les dispositions de la loi informatique, fichiers et libert\u00e9s, dont la violation est passible de sanctions p\u00e9nales. Ils doivent notamment s\u2019abstenir, s\u2019agissant des informations nominatives auxquelles ils acc\u00e8dent, de toute collecte, de toute utilisation d\u00e9tourn\u00e9e, et d\u2019une mani\u00e8re g\u00e9n\u00e9rale, de tout acte susceptible de porter atteinte \u00e0 la vie priv\u00e9e ou \u00e0 la r\u00e9putation des personnes. Les contrevenants s\u2019exposent \u00e0 des sanctions p\u00e9nales conform\u00e9ment aux dispositions de la section V du nouveau code p\u00e9nal intitul\u00e9 \u00ab Des atteintes aux droits des personnes r\u00e9sultant des fichiers ou des traitements informatiques \u00bb et du chapitre III intitul\u00e9 \u00ab Des atteintes aux syst\u00e8mes de traitement automatis\u00e9 des donn\u00e9es \u00bb.[\/vc_column_text][\/vc_column_inner][vc_column_inner width=\u00a0\u00bb1\/2&Prime; css=\u00a0\u00bb.vc_custom_1509556557987{padding-right: 50px !important;padding-left: 50px !important;}\u00a0\u00bb][vc_column_text]<strong>Cookie(s)<\/strong><\/p>\n<p>La navigation sur le site hippodrome-cotedazur.fr est susceptible de provoquer l\u2019installation de cookie(s) sur l\u2019ordinateur de l\u2019utilisateur. Un cookie est un fichier de petite taille, qui ne permet pas l\u2019identification de l\u2019utilisateur, mais qui enregistre des informations relatives \u00e0 la navigation d\u2019un ordinateur sur un site. Les donn\u00e9es ainsi obtenues visent \u00e0 faciliter la navigation ult\u00e9rieure sur le site, et ont \u00e9galement vocation \u00e0 permettre diverses mesures de fr\u00e9quentation. Conform\u00e9ment a\u0300 la r\u00e9glementation en vigueur, les Cookies ne sont d\u00e9pos\u00e9s que si vous donnez votre accord. En poursuivant votre navigation sur notre site, vous acceptez l&rsquo;utilisation des Cookies mais vous pouvez vous informer sur la nature des cookies d\u00e9pos\u00e9s, les accepter ou les refuser soit globalement pour l\u2019ensemble du site et l\u2019ensemble des services, soit service par service.<\/p>\n<p><strong>Qu&rsquo;est-ce qu&rsquo;un Cookie ?<\/strong><\/p>\n<p>Un Cookie, autrement appel\u00e9 t\u00e9moin de connexion, est un fichier texte d\u00e9pos\u00e9 dans un espace d\u00e9di\u00e9 de votre ordinateur ou p\u00e9riph\u00e9rique portable lors de la consultation d\u2019un contenu en ligne. Ce fichier Cookie ne peut e\u0302tre lu que par son \u00e9metteur et lui permet, pendant la dur\u00e9e de sa validit\u00e9, de reconnai\u0302tre l\u2019ordinateur ou p\u00e9riph\u00e9rique portable que vous utilisez a\u0300 chaque fois que vous acc\u00e9dez a\u0300 des contenus en ligne concern\u00e9s par ce Cookie. Un Cookie ne vous identifie pas personnellement, il identifie uniquement le navigateur web de votre ordinateur ou p\u00e9riph\u00e9rique portable.<\/p>\n<p>1) Les Cookies techniques<br \/>\nCes Cookies sont indispensables a\u0300 l&rsquo;acce\u0300s, la consultation et\/ou l&rsquo;utilisation des informations et\/ou des services du pr\u00e9sent site web. Ils permettent de reconnai\u0302tre votre navigateur, de signaler votre passage sur une page sp\u00e9cifique de notre site web, d\u2019am\u00e9liorer votre confort de navigation (adapter la r\u00e9solution d\u2019affichage, retenir la langue utilis\u00e9e, m\u00e9moriser les mots de passe et informations relatives a\u0300 un formulaire en ligne&#8230;) et de mettre en \u0153uvre des mesures de s\u00e9curit\u00e9. Ces Cookies techniques ne peuvent pas e\u0302tre d\u00e9sactiv\u00e9s ou param\u00e9tr\u00e9s sous peine de ne plus pouvoir acc\u00e9der au site web, ses informations et\/ou ses services. Vous pouvez param\u00e9trer votre navigateur pour bloquer l\u2019installation de ces Cookies sur votre ordinateur ou p\u00e9riph\u00e9rique portable, mais certaines fonctionnalit\u00e9s et\/ou services du site ne fonctionneront pas normalement. La dur\u00e9e de vie de ces Cookies n\u2019exce\u0300de pas 13 mois, conform\u00e9ment a\u0300 la r\u00e9glementation en vigueur.<\/p>\n<p>2) Les Cookies de mesure d\u2019audience<br \/>\nCes Cookies sont \u00e9mis par hippodrome-cotedazur.fr ou par nos prestataires techniques afin de mesurer l\u2019audience de notre site web pour am\u00e9liorer l\u2019organisation de ce dernier et ses contenus, et d\u00e9tecter les proble\u0300mes de navigation pour am\u00e9liorer son ergonomie. Ces Cookies ne produisent que des statistiques anonymes et des volumes de fr\u00e9quentation, a\u0300 l\u2019exclusion de toute information permettant de vous identifier personnellement. La dur\u00e9e de vie de ces Cookies n\u2019exce\u0300de pas 13 mois, conform\u00e9ment a\u0300 la r\u00e9glementation en vigueur.<\/p>\n<p>3) Les Cookies R\u00e9seaux sociaux<br \/>\nCes Cookies nous permettent de partager des contenus de notre site avec d\u2019autres personnes ou de faire connai\u0302tre a\u0300 ces autres personnes votre consultation ou votre opinion concernant un contenu du site. Tel est, notamment, le cas des boutons \u00ab partager \u00bb, \u00ab j\u2019aime \u00bb, issus de r\u00e9seaux sociaux \u00ab Facebook \u00bb ou \u00ab Twitter \u00bb. Le r\u00e9seau social fournissant un tel bouton applicatif est susceptible de vous identifier gra\u0302ce a\u0300 ce bouton, lorsque vous l\u2019activez en cliquant dessus mais aussi lorsque vous naviguez simplement sur notre site web. Nous vous invitons a\u0300 consulter les politiques de protection de la vie priv\u00e9e de ces r\u00e9seaux sociaux afin de prendre connaissance des finalit\u00e9s d\u2019utilisation, notamment publicitaires, des informations de navigation qu\u2019ils peuvent recueillir gra\u0302ce a\u0300 ces boutons applicatifs. La dur\u00e9e de vie de ces Cookies n\u2019exce\u0300de pas 13 mois, conform\u00e9ment a\u0300 la r\u00e9glementation en vigueur.[\/vc_column_text][\/vc_column_inner][\/vc_row_inner][vc_empty_space height=\u00a0\u00bb70px\u00a0\u00bb][\/vc_column][vc_column width=\u00a0\u00bb1\/6&Prime;][\/vc_column][\/vc_row][vc_row row_type=\u00a0\u00bbrow\u00a0\u00bb use_row_as_full_screen_section=\u00a0\u00bbno\u00a0\u00bb type=\u00a0\u00bbfull_width\u00a0\u00bb text_align=\u00a0\u00bbleft\u00a0\u00bb background_color=\u00a0\u00bb#ece9e9&Prime; background_animation=\u00a0\u00bbnone\u00a0\u00bb padding_top=\u00a0\u00bb50&Prime; padding_bottom=\u00a0\u00bb50&Prime; css_animation=\u00a0\u00bb\u00a0\u00bb][vc_column width=\u00a0\u00bb1\/6&Prime;][\/vc_column][vc_column css_animation=\u00a0\u00bbnone\u00a0\u00bb width=\u00a0\u00bb2\/3&Prime;][vc_row_inner row_type=\u00a0\u00bbrow\u00a0\u00bb type=\u00a0\u00bbfull_width\u00a0\u00bb use_row_as_full_screen_section_slide=\u00a0\u00bbno\u00a0\u00bb text_align=\u00a0\u00bbleft\u00a0\u00bb css_animation=\u00a0\u00bb\u00a0\u00bb][vc_column_inner width=\u00a0\u00bb1\/4&Prime; css=\u00a0\u00bb.vc_custom_1509557348899{padding: 40px !important;}\u00a0\u00bb][vc_single_image image=\u00a0\u00bb21839&Prime; img_size=\u00a0\u00bbfull\u00a0\u00bb alignment=\u00a0\u00bbcenter\u00a0\u00bb qode_css_animation=\u00a0\u00bb\u00a0\u00bb][\/vc_column_inner][vc_column_inner width=\u00a0\u00bb1\/4&Prime; css=\u00a0\u00bb.vc_custom_1509557356744{padding: 40px !important;}\u00a0\u00bb][vc_single_image image=\u00a0\u00bb21840&Prime; img_size=\u00a0\u00bbfull\u00a0\u00bb alignment=\u00a0\u00bbcenter\u00a0\u00bb qode_css_animation=\u00a0\u00bb\u00a0\u00bb][\/vc_column_inner][vc_column_inner width=\u00a0\u00bb1\/4&Prime; css=\u00a0\u00bb.vc_custom_1509557364671{padding: 40px !important;}\u00a0\u00bb][vc_single_image image=\u00a0\u00bb21841&Prime; img_size=\u00a0\u00bbfull\u00a0\u00bb alignment=\u00a0\u00bbcenter\u00a0\u00bb qode_css_animation=\u00a0\u00bb\u00a0\u00bb][\/vc_column_inner][vc_column_inner width=\u00a0\u00bb1\/4&Prime; css=\u00a0\u00bb.vc_custom_1509557372351{padding: 40px !important;}\u00a0\u00bb][vc_single_image image=\u00a0\u00bb21842&Prime; img_size=\u00a0\u00bbfull\u00a0\u00bb alignment=\u00a0\u00bbcenter\u00a0\u00bb qode_css_animation=\u00a0\u00bb\u00a0\u00bb][\/vc_column_inner][\/vc_row_inner][\/vc_column][vc_column width=\u00a0\u00bb1\/6&Prime;][\/vc_column][\/vc_row]<\/p>\n<\/div>","protected":false},"excerpt":{"rendered":"<p>[vc_row row_type=\u00a0\u00bbrow\u00a0\u00bb use_row_as_full_screen_section=\u00a0\u00bbno\u00a0\u00bb type=\u00a0\u00bbfull_width\u00a0\u00bb text_align=\u00a0\u00bbleft\u00a0\u00bb background_animation=\u00a0\u00bbnone\u00a0\u00bb css_animation=\u00a0\u00bb\u00a0\u00bb][vc_column width=\u00a0\u00bb1\/6&Prime;][\/vc_column][vc_column css_animation=\u00a0\u00bbfadeInUp\u00a0\u00bb width=\u00a0\u00bb2\/3&Prime;][vc_row_inner row_type=\u00a0\u00bbrow\u00a0\u00bb type=\u00a0\u00bbfull_width\u00a0\u00bb use_row_as_full_screen_section_slide=\u00a0\u00bbno\u00a0\u00bb text_align=\u00a0\u00bbleft\u00a0\u00bb css_animation=\u00a0\u00bb\u00a0\u00bb][vc_column_inner][vc_separator type=\u00a0\u00bbtransparent\u00a0\u00bb border_style=\u00a0\u00bb\u00a0\u00bb up=\u00a0\u00bb20&Prime; down=\u00a0\u00bb20&Prime;][vc_separator type=\u00a0\u00bbtransparent\u00a0\u00bb&#8230;<\/p>\n","protected":false},"author":1,"featured_media":0,"parent":0,"menu_order":0,"comment_status":"closed","ping_status":"closed","template":"full_width.php","meta":{"footnotes":"","_links_to":"","_links_to_target":""},"class_list":["post-21560","page","type-page","status-publish","hentry"],"_links":{"self":[{"href":"https:\/\/hippodrome-cotedazur.fr\/site\/wp-json\/wp\/v2\/pages\/21560","targetHints":{"allow":["GET"]}}],"collection":[{"href":"https:\/\/hippodrome-cotedazur.fr\/site\/wp-json\/wp\/v2\/pages"}],"about":[{"href":"https:\/\/hippodrome-cotedazur.fr\/site\/wp-json\/wp\/v2\/types\/page"}],"author":[{"embeddable":true,"href":"https:\/\/hippodrome-cotedazur.fr\/site\/wp-json\/wp\/v2\/users\/1"}],"replies":[{"embeddable":true,"href":"https:\/\/hippodrome-cotedazur.fr\/site\/wp-json\/wp\/v2\/comments?post=21560"}],"version-history":[{"count":20,"href":"https:\/\/hippodrome-cotedazur.fr\/site\/wp-json\/wp\/v2\/pages\/21560\/revisions"}],"predecessor-version":[{"id":22874,"href":"https:\/\/hippodrome-cotedazur.fr\/site\/wp-json\/wp\/v2\/pages\/21560\/revisions\/22874"}],"wp:attachment":[{"href":"https:\/\/hippodrome-cotedazur.fr\/site\/wp-json\/wp\/v2\/media?parent=21560"}],"curies":[{"name":"wp","href":"https:\/\/api.w.org\/{rel}","templated":true}]}}