{"id":21853,"date":"2017-11-01T18:50:43","date_gmt":"2017-11-01T17:50:43","guid":{"rendered":"http:\/\/hippodrome-cotedazur.fr\/site\/?page_id=21853"},"modified":"2024-10-08T12:47:17","modified_gmt":"2024-10-08T10:47:17","slug":"le-spectacle-des-courses","status":"publish","type":"page","link":"https:\/\/hippodrome-cotedazur.fr\/site\/le-spectacle-des-courses\/","title":{"rendered":"Le spectacle des courses"},"content":{"rendered":"<div class=\"wpb-content-wrapper\"><p>[vc_row row_type=\u00a0\u00bbrow\u00a0\u00bb use_row_as_full_screen_section=\u00a0\u00bbno\u00a0\u00bb type=\u00a0\u00bbfull_width\u00a0\u00bb text_align=\u00a0\u00bbleft\u00a0\u00bb background_animation=\u00a0\u00bbnone\u00a0\u00bb css_animation=\u00a0\u00bb\u00a0\u00bb][vc_column][rev_slider_vc alias=\u00a0\u00bbspectacle-courses-859&Prime;][\/vc_column][\/vc_row][vc_row row_type=\u00a0\u00bbrow\u00a0\u00bb use_row_as_full_screen_section=\u00a0\u00bbno\u00a0\u00bb type=\u00a0\u00bbfull_width\u00a0\u00bb text_align=\u00a0\u00bbleft\u00a0\u00bb background_animation=\u00a0\u00bbnone\u00a0\u00bb css_animation=\u00a0\u00bb\u00a0\u00bb][vc_column width=\u00a0\u00bb1\/6&Prime;][\/vc_column][vc_column css_animation=\u00a0\u00bbfadeInUp\u00a0\u00bb width=\u00a0\u00bb2\/3&Prime;][vc_row_inner row_type=\u00a0\u00bbrow\u00a0\u00bb type=\u00a0\u00bbfull_width\u00a0\u00bb use_row_as_full_screen_section_slide=\u00a0\u00bbno\u00a0\u00bb text_align=\u00a0\u00bbleft\u00a0\u00bb css_animation=\u00a0\u00bb\u00a0\u00bb][vc_column_inner][vc_separator type=\u00a0\u00bbtransparent\u00a0\u00bb border_style=\u00a0\u00bb\u00a0\u00bb up=\u00a0\u00bb20&Prime; down=\u00a0\u00bb20&Prime;][vc_separator type=\u00a0\u00bbtransparent\u00a0\u00bb border_style=\u00a0\u00bb\u00a0\u00bb up=\u00a0\u00bb20&Prime; down=\u00a0\u00bb20&Prime;][vc_column_text css=\u00a0\u00bb.vc_custom_1728383753071{padding-right: 20px !important;padding-left: 20px !important;}\u00a0\u00bb]<\/p>\n<h1 style=\"text-align: center;\">Laissez-vous gagner<br \/>\npar la magie des courses<\/h1>\n<p>[\/vc_column_text][vc_separator type=\u00a0\u00bbtransparent\u00a0\u00bb border_style=\u00a0\u00bb\u00a0\u00bb up=\u00a0\u00bb20&Prime; down=\u00a0\u00bb20&Prime;][\/vc_column_inner][\/vc_row_inner][vc_row_inner row_type=\u00a0\u00bbrow\u00a0\u00bb type=\u00a0\u00bbfull_width\u00a0\u00bb use_row_as_full_screen_section_slide=\u00a0\u00bbno\u00a0\u00bb text_align=\u00a0\u00bbleft\u00a0\u00bb css_animation=\u00a0\u00bb\u00a0\u00bb][vc_column_inner width=\u00a0\u00bb1\/2&Prime; css=\u00a0\u00bb.vc_custom_1509556550748{padding-right: 50px !important;padding-left: 50px !important;}\u00a0\u00bb][vc_column_text]<\/p>\n<p style=\"text-align: justify;\"><span style=\"color: #587c89;\"><strong>Une promenade en famille<\/strong><\/span> L\u2019hippodrome est l\u2019endroit id\u00e9al pour une sortie en famille dans un environnement s\u00e9curis\u00e9. Coup d\u2019oeil vers les boxes o\u00f9 les lads s\u2019activent autour des champions. Puis au rond de pr\u00e9sentation pour voir de pr\u00e8s les chevaux avant les \u00e9preuves. \u00c0 proximit\u00e9 imm\u00e9diate, les plus petits s\u2019en donnent \u00e0 c\u0153ur joie dans le jardin d\u2019enfants.<\/p>\n<p style=\"text-align: justify;\"><span style=\"color: #587c89;\"><strong>Un grand spectacle sportif<\/strong><\/span> Au signal du starter, la horde multicolore se lance brides abattues et crini\u00e8res au vent. Les plus grands cracks du Trot, du Plat ou de l\u2019Obstacle s\u2019affrontent pour la gagne. Le spectacle est partout, jusque dans les tribunes o\u00f9 les parieurs survolt\u00e9s encouragent leurs favoris.<\/p>\n<p>[\/vc_column_text][\/vc_column_inner][vc_column_inner width=\u00a0\u00bb1\/2&Prime; css=\u00a0\u00bb.vc_custom_1509556557987{padding-right: 50px !important;padding-left: 50px !important;}\u00a0\u00bb][vc_column_text]<\/p>\n<p style=\"text-align: justify;\"><span style=\"color: #587c89;\"><strong>L\u2019\u00e9motion du jeu<\/strong><\/span> Avec plus de 80 r\u00e9unions de courses par an, en \u00e9t\u00e9 comme en hiver, l\u2019Hippodrome de la C\u00f4te d\u2019Azur multiplie les occasions d\u2019exprimer vos talents de pronostiqueurs. Choisissez vos favoris, v\u00e9rifiez leur cote sur l\u2019\u00e9cran et jouez-les, gagnants ou plac\u00e9s.<\/p>\n<p style=\"text-align: justify;\"><span style=\"color: #587c89;\"><strong>Un cadre f\u00e9\u00e9rique<\/strong><\/span> \u00c0 l\u2019hippodrome, entre amis ou en famille, vous gagnez \u00e0 tous les coups. Le cadre est superbe et le spectacle magique. Dans les restaurants panoramiques surplombant les pistes, vous pouvez combiner spectacle et gastronomie.<\/p>\n<p>[\/vc_column_text][\/vc_column_inner][\/vc_row_inner][vc_separator type=\u00a0\u00bbtransparent\u00a0\u00bb border_style=\u00a0\u00bb\u00a0\u00bb up=\u00a0\u00bb20&Prime; down=\u00a0\u00bb20&Prime;][\/vc_column][vc_column width=\u00a0\u00bb1\/6&Prime;][\/vc_column][\/vc_row][vc_row row_type=\u00a0\u00bbrow\u00a0\u00bb use_row_as_full_screen_section=\u00a0\u00bbno\u00a0\u00bb type=\u00a0\u00bbfull_width\u00a0\u00bb text_align=\u00a0\u00bbleft\u00a0\u00bb background_color=\u00a0\u00bb#ece9e9&Prime; background_animation=\u00a0\u00bbnone\u00a0\u00bb padding_top=\u00a0\u00bb50&Prime; padding_bottom=\u00a0\u00bb50&Prime; css_animation=\u00a0\u00bb\u00a0\u00bb][vc_column width=\u00a0\u00bb1\/6&Prime;][\/vc_column][vc_column css_animation=\u00a0\u00bbfadeInUp\u00a0\u00bb width=\u00a0\u00bb2\/3&Prime;][vc_row_inner row_type=\u00a0\u00bbrow\u00a0\u00bb type=\u00a0\u00bbfull_width\u00a0\u00bb use_row_as_full_screen_section_slide=\u00a0\u00bbno\u00a0\u00bb text_align=\u00a0\u00bbleft\u00a0\u00bb css_animation=\u00a0\u00bb\u00a0\u00bb][vc_column_inner width=\u00a0\u00bb1\/4&Prime; css=\u00a0\u00bb.vc_custom_1509557348899{padding: 40px !important;}\u00a0\u00bb][vc_single_image image=\u00a0\u00bb21839&Prime; img_size=\u00a0\u00bbfull\u00a0\u00bb alignment=\u00a0\u00bbcenter\u00a0\u00bb qode_css_animation=\u00a0\u00bb\u00a0\u00bb][\/vc_column_inner][vc_column_inner width=\u00a0\u00bb1\/4&Prime; css=\u00a0\u00bb.vc_custom_1509557356744{padding: 40px !important;}\u00a0\u00bb][vc_single_image image=\u00a0\u00bb21840&Prime; img_size=\u00a0\u00bbfull\u00a0\u00bb alignment=\u00a0\u00bbcenter\u00a0\u00bb qode_css_animation=\u00a0\u00bb\u00a0\u00bb][\/vc_column_inner][vc_column_inner width=\u00a0\u00bb1\/4&Prime; css=\u00a0\u00bb.vc_custom_1509557364671{padding: 40px !important;}\u00a0\u00bb][vc_single_image image=\u00a0\u00bb21841&Prime; img_size=\u00a0\u00bbfull\u00a0\u00bb alignment=\u00a0\u00bbcenter\u00a0\u00bb qode_css_animation=\u00a0\u00bb\u00a0\u00bb][\/vc_column_inner][vc_column_inner width=\u00a0\u00bb1\/4&Prime; css=\u00a0\u00bb.vc_custom_1509557372351{padding: 40px !important;}\u00a0\u00bb][vc_single_image image=\u00a0\u00bb21842&Prime; img_size=\u00a0\u00bbfull\u00a0\u00bb alignment=\u00a0\u00bbcenter\u00a0\u00bb qode_css_animation=\u00a0\u00bb\u00a0\u00bb][\/vc_column_inner][\/vc_row_inner][\/vc_column][vc_column width=\u00a0\u00bb1\/6&Prime;][\/vc_column][\/vc_row]<\/p>\n<\/div>","protected":false},"excerpt":{"rendered":"<p>[vc_row row_type=\u00a0\u00bbrow\u00a0\u00bb use_row_as_full_screen_section=\u00a0\u00bbno\u00a0\u00bb type=\u00a0\u00bbfull_width\u00a0\u00bb text_align=\u00a0\u00bbleft\u00a0\u00bb background_animation=\u00a0\u00bbnone\u00a0\u00bb css_animation=\u00a0\u00bb\u00a0\u00bb][vc_column][rev_slider_vc alias=\u00a0\u00bbspectacle-courses-859&Prime;][\/vc_column][\/vc_row][vc_row row_type=\u00a0\u00bbrow\u00a0\u00bb use_row_as_full_screen_section=\u00a0\u00bbno\u00a0\u00bb type=\u00a0\u00bbfull_width\u00a0\u00bb text_align=\u00a0\u00bbleft\u00a0\u00bb background_animation=\u00a0\u00bbnone\u00a0\u00bb css_animation=\u00a0\u00bb\u00a0\u00bb][vc_column width=\u00a0\u00bb1\/6&Prime;][\/vc_column][vc_column css_animation=\u00a0\u00bbfadeInUp\u00a0\u00bb width=\u00a0\u00bb2\/3&Prime;][vc_row_inner row_type=\u00a0\u00bbrow\u00a0\u00bb type=\u00a0\u00bbfull_width\u00a0\u00bb use_row_as_full_screen_section_slide=\u00a0\u00bbno\u00a0\u00bb&#8230;<\/p>\n","protected":false},"author":1,"featured_media":0,"parent":0,"menu_order":0,"comment_status":"closed","ping_status":"closed","template":"full_width.php","meta":{"footnotes":"","_links_to":"","_links_to_target":""},"class_list":["post-21853","page","type-page","status-publish","hentry"],"_links":{"self":[{"href":"https:\/\/hippodrome-cotedazur.fr\/site\/wp-json\/wp\/v2\/pages\/21853","targetHints":{"allow":["GET"]}}],"collection":[{"href":"https:\/\/hippodrome-cotedazur.fr\/site\/wp-json\/wp\/v2\/pages"}],"about":[{"href":"https:\/\/hippodrome-cotedazur.fr\/site\/wp-json\/wp\/v2\/types\/page"}],"author":[{"embeddable":true,"href":"https:\/\/hippodrome-cotedazur.fr\/site\/wp-json\/wp\/v2\/users\/1"}],"replies":[{"embeddable":true,"href":"https:\/\/hippodrome-cotedazur.fr\/site\/wp-json\/wp\/v2\/comments?post=21853"}],"version-history":[{"count":17,"href":"https:\/\/hippodrome-cotedazur.fr\/site\/wp-json\/wp\/v2\/pages\/21853\/revisions"}],"predecessor-version":[{"id":23772,"href":"https:\/\/hippodrome-cotedazur.fr\/site\/wp-json\/wp\/v2\/pages\/21853\/revisions\/23772"}],"wp:attachment":[{"href":"https:\/\/hippodrome-cotedazur.fr\/site\/wp-json\/wp\/v2\/media?parent=21853"}],"curies":[{"name":"wp","href":"https:\/\/api.w.org\/{rel}","templated":true}]}}