{"id":22257,"date":"2017-11-08T22:26:05","date_gmt":"2017-11-08T21:26:05","guid":{"rendered":"https:\/\/hippodrome-cotedazur.fr\/site\/?page_id=22257"},"modified":"2024-10-08T12:45:49","modified_gmt":"2024-10-08T10:45:49","slug":"savoir-jouer-sur-lhippodrome","status":"publish","type":"page","link":"https:\/\/hippodrome-cotedazur.fr\/site\/savoir-jouer-sur-lhippodrome\/","title":{"rendered":"Savoir jouer sur l\u2019Hippodrome"},"content":{"rendered":"<div class=\"wpb-content-wrapper\"><p>[vc_row row_type=\u00a0\u00bbrow\u00a0\u00bb use_row_as_full_screen_section=\u00a0\u00bbno\u00a0\u00bb type=\u00a0\u00bbfull_width\u00a0\u00bb text_align=\u00a0\u00bbleft\u00a0\u00bb background_animation=\u00a0\u00bbnone\u00a0\u00bb css_animation=\u00a0\u00bb\u00a0\u00bb][vc_column][rev_slider_vc alias=\u00a0\u00bbsavoir-jouer-859&Prime;][\/vc_column][\/vc_row][vc_row row_type=\u00a0\u00bbrow\u00a0\u00bb use_row_as_full_screen_section=\u00a0\u00bbno\u00a0\u00bb type=\u00a0\u00bbfull_width\u00a0\u00bb text_align=\u00a0\u00bbleft\u00a0\u00bb background_animation=\u00a0\u00bbnone\u00a0\u00bb css_animation=\u00a0\u00bb\u00a0\u00bb][vc_column width=\u00a0\u00bb1\/6&Prime;][\/vc_column][vc_column css_animation=\u00a0\u00bbfadeInUp\u00a0\u00bb width=\u00a0\u00bb2\/3&Prime;][vc_row_inner row_type=\u00a0\u00bbrow\u00a0\u00bb type=\u00a0\u00bbfull_width\u00a0\u00bb use_row_as_full_screen_section_slide=\u00a0\u00bbno\u00a0\u00bb text_align=\u00a0\u00bbleft\u00a0\u00bb css_animation=\u00a0\u00bb\u00a0\u00bb][vc_column_inner][vc_empty_space height=\u00a0\u00bb40px\u00a0\u00bb][vc_column_text]<\/p>\n<h6 style=\"text-align: center;\"><span style=\"color: #102930;\">LE JEU<\/span><br \/>\n<img loading=\"lazy\" decoding=\"async\" class=\"alignnone size-full wp-image-21677\" src=\"http:\/\/hippodrome-cotedazur.fr\/site\/wp-content\/uploads\/2017\/09\/trait-titre-entete.png\" alt=\"\" width=\"104\" height=\"2\" \/><\/h6>\n<p>[\/vc_column_text][vc_empty_space height=\u00a0\u00bb70px\u00a0\u00bb][vc_column_text css=\u00a0\u00bb.vc_custom_1510176461515{padding-right: 20px !important;padding-left: 20px !important;}\u00a0\u00bb]<\/p>\n<h1 style=\"text-align: center;\">Savoir jouer sur l\u2019Hippodrome<\/h1>\n<p>[\/vc_column_text][vc_empty_space height=\u00a0\u00bb70px\u00a0\u00bb][\/vc_column_inner][\/vc_row_inner][vc_row_inner row_type=\u00a0\u00bbrow\u00a0\u00bb type=\u00a0\u00bbfull_width\u00a0\u00bb use_row_as_full_screen_section_slide=\u00a0\u00bbno\u00a0\u00bb text_align=\u00a0\u00bbleft\u00a0\u00bb css_animation=\u00a0\u00bb\u00a0\u00bb][vc_column_inner width=\u00a0\u00bb1\/2&Prime; css=\u00a0\u00bb.vc_custom_1509556550748{padding-right: 50px !important;padding-left: 50px !important;}\u00a0\u00bb][vc_column_text]<\/p>\n<h3>La cote<\/h3>\n<p style=\"text-align: justify;\">La cote ou rapport probable est calcul\u00e9e en fonction de la masse des enjeux sur chaque cheval. Elle permet donc de conna\u00eetre les chevaux les plus jou\u00e9s par les parieurs. Un cheval tr\u00e8s jou\u00e9 a une faible cote (ex. 2 contre 1) : c\u2019est un favori. Si vos chances de gagner sont grandes avec un favori, vous risquez en revanche de gagner peu.<br \/>\nEx. : Vous avez mis\u00e9 2 \u20ac gagnant sur un favori dont la cote est de 2 contre 1. S\u2019il arrive premier, vous avez un gain total de 4\u20ac.<br \/>\n\u00c0 l\u2019inverse, un cheval peu jou\u00e9 a une grosse cote (ex. 25 contre1) : c\u2019est un outsider. Vous avez ici moins de chance de gagner, mais vous pouvez remporter plus (50 \u20ac pour une mise de 2 \u20ac).<\/p>\n<p>[\/vc_column_text][vc_empty_space height=\u00a0\u00bb70px\u00a0\u00bb][\/vc_column_inner][vc_column_inner width=\u00a0\u00bb1\/2&Prime; css=\u00a0\u00bb.vc_custom_1509556557987{padding-right: 50px !important;padding-left: 50px !important;}\u00a0\u00bb][vc_single_image image=\u00a0\u00bb22527&Prime; img_size=\u00a0\u00bbfull\u00a0\u00bb alignment=\u00a0\u00bbcenter\u00a0\u00bb qode_css_animation=\u00a0\u00bb\u00a0\u00bb][vc_empty_space height=\u00a0\u00bb70px\u00a0\u00bb][\/vc_column_inner][\/vc_row_inner][vc_row_inner row_type=\u00a0\u00bbrow\u00a0\u00bb type=\u00a0\u00bbfull_width\u00a0\u00bb use_row_as_full_screen_section_slide=\u00a0\u00bbno\u00a0\u00bb text_align=\u00a0\u00bbleft\u00a0\u00bb css_animation=\u00a0\u00bb\u00a0\u00bb][vc_column_inner width=\u00a0\u00bb1\/2&Prime; css=\u00a0\u00bb.vc_custom_1509556557987{padding-right: 50px !important;padding-left: 50px !important;}\u00a0\u00bb][vc_single_image image=\u00a0\u00bb22262&Prime; img_size=\u00a0\u00bbfull\u00a0\u00bb alignment=\u00a0\u00bbcenter\u00a0\u00bb qode_css_animation=\u00a0\u00bb\u00a0\u00bb][vc_empty_space height=\u00a0\u00bb70px\u00a0\u00bb][\/vc_column_inner][vc_column_inner width=\u00a0\u00bb1\/2&Prime; css=\u00a0\u00bb.vc_custom_1509556550748{padding-right: 50px !important;padding-left: 50px !important;}\u00a0\u00bb][vc_column_text]<\/p>\n<h3>Le programme<\/h3>\n<p style=\"text-align: justify;\">Lisez bien le programme des courses disponible gratuitement \u00e0 l\u2019entr\u00e9e de l\u2019hippodrome : il vous donne toutes les informations pour suivre agr\u00e9ablement et comprendre les courses.<br \/>\nPour chaque course, la sp\u00e9cialit\u00e9 (Obstacle, Plat ou Trot), les partants et le parcours qu\u2019ils devront effectuer sont inscrits. Sur le programme, vous d\u00e9couvrirez les informations pour \u00e9tudier vos paris.<\/p>\n<p>[\/vc_column_text][vc_empty_space height=\u00a0\u00bb70px\u00a0\u00bb][\/vc_column_inner][\/vc_row_inner][vc_row_inner row_type=\u00a0\u00bbrow\u00a0\u00bb type=\u00a0\u00bbfull_width\u00a0\u00bb use_row_as_full_screen_section_slide=\u00a0\u00bbno\u00a0\u00bb text_align=\u00a0\u00bbleft\u00a0\u00bb css_animation=\u00a0\u00bb\u00a0\u00bb][vc_column_inner width=\u00a0\u00bb1\/2&Prime; css=\u00a0\u00bb.vc_custom_1509556550748{padding-right: 50px !important;padding-left: 50px !important;}\u00a0\u00bb][vc_column_text]<\/p>\n<h3>L&rsquo;enjeu<\/h3>\n<p style=\"text-align: justify;\">Apr\u00e8s avoir vu les chevaux, jet\u00e9 un coup d\u2019\u0153il sur les cotes, consult\u00e9 le programme et profit\u00e9 des conseils des uns et des autres, votre opinion est faite et il ne reste plus qu\u2019\u00e0 parier.<br \/>\n<strong>L\u2019enjeu minimum est de 2 \u20ac.<\/strong><br \/>\nAu guichet, vous annoncez le ou les num\u00e9ros des chevaux choisis, la mise et le type de pari. Ne jetez jamais vos tickets avant l\u2019affichage d\u00e9finitif &#8211; ainsi que l\u2019annonce &#8211; des r\u00e9sultats et des rapports de tous les types de paris et v\u00e9rifiez alors vos tickets. Si vous avez gagn\u00e9, pr\u00e9sentez-vous \u00e0 n\u2019importe quel guichet pour toucher votre gain.<\/p>\n<p>[\/vc_column_text][vc_empty_space height=\u00a0\u00bb70px\u00a0\u00bb][\/vc_column_inner][vc_column_inner width=\u00a0\u00bb1\/2&Prime; css=\u00a0\u00bb.vc_custom_1509556557987{padding-right: 50px !important;padding-left: 50px !important;}\u00a0\u00bb][vc_single_image image=\u00a0\u00bb22263&Prime; img_size=\u00a0\u00bbfull\u00a0\u00bb alignment=\u00a0\u00bbcenter\u00a0\u00bb qode_css_animation=\u00a0\u00bb\u00a0\u00bb][vc_empty_space height=\u00a0\u00bb70px\u00a0\u00bb][\/vc_column_inner][\/vc_row_inner][\/vc_column][vc_column width=\u00a0\u00bb1\/6&Prime;][\/vc_column][\/vc_row][vc_row row_type=\u00a0\u00bbrow\u00a0\u00bb use_row_as_full_screen_section=\u00a0\u00bbno\u00a0\u00bb type=\u00a0\u00bbfull_width\u00a0\u00bb text_align=\u00a0\u00bbleft\u00a0\u00bb background_animation=\u00a0\u00bbnone\u00a0\u00bb css_animation=\u00a0\u00bb\u00a0\u00bb][vc_column][vc_empty_space height=\u00a0\u00bb70px\u00a0\u00bb][vc_single_image image=\u00a0\u00bb22272&Prime; img_size=\u00a0\u00bbfull\u00a0\u00bb alignment=\u00a0\u00bbcenter\u00a0\u00bb qode_css_animation=\u00a0\u00bbelement_from_fade\u00a0\u00bb][vc_empty_space height=\u00a0\u00bb70px\u00a0\u00bb][\/vc_column][\/vc_row][vc_row row_type=\u00a0\u00bbrow\u00a0\u00bb use_row_as_full_screen_section=\u00a0\u00bbno\u00a0\u00bb type=\u00a0\u00bbfull_width\u00a0\u00bb text_align=\u00a0\u00bbleft\u00a0\u00bb background_animation=\u00a0\u00bbnone\u00a0\u00bb css_animation=\u00a0\u00bb\u00a0\u00bb][vc_column width=\u00a0\u00bb1\/6&Prime;][\/vc_column][vc_column css_animation=\u00a0\u00bbfadeInUp\u00a0\u00bb width=\u00a0\u00bb2\/3&Prime;][vc_row_inner row_type=\u00a0\u00bbrow\u00a0\u00bb type=\u00a0\u00bbfull_width\u00a0\u00bb use_row_as_full_screen_section_slide=\u00a0\u00bbno\u00a0\u00bb text_align=\u00a0\u00bbleft\u00a0\u00bb css_animation=\u00a0\u00bb\u00a0\u00bb][vc_column_inner][vc_empty_space height=\u00a0\u00bb40px\u00a0\u00bb][vc_column_text css=\u00a0\u00bb.vc_custom_1510177398638{padding-right: 20px !important;padding-left: 20px !important;}\u00a0\u00bb]<\/p>\n<h1 style=\"text-align: center;\">Les diff\u00e9rents types de paris<\/h1>\n<p>[\/vc_column_text][vc_empty_space height=\u00a0\u00bb100px\u00a0\u00bb][\/vc_column_inner][\/vc_row_inner][vc_row_inner row_type=\u00a0\u00bbrow\u00a0\u00bb type=\u00a0\u00bbfull_width\u00a0\u00bb use_row_as_full_screen_section_slide=\u00a0\u00bbno\u00a0\u00bb text_align=\u00a0\u00bbleft\u00a0\u00bb css_animation=\u00a0\u00bb\u00a0\u00bb][vc_column_inner width=\u00a0\u00bb1\/2&Prime; css=\u00a0\u00bb.vc_custom_1509556550748{padding-right: 50px !important;padding-left: 50px !important;}\u00a0\u00bb][vc_column_text]<\/p>\n<h3>Pari simple<\/h3>\n<p style=\"text-align: justify;\">C\u2019est le jeu le plus facile : vous choisissez 1 cheval et vous misez soit \u201cgagnant\u201d soit \u201cplac\u00e9\u201d. Si vous misez gagnant, il faut que le cheval remporte l\u2019\u00e9preuve pour toucher le rapport<br \/>\n\u201cgagnant\u201d. Si vous misez \u201cplac\u00e9\u201d, il suffit que le cheval arrive dans les 3 premiers pour toucher le rapport \u201cplac\u00e9\u201d (ou dans les deux premiers si 4 \u00e0 7 chevaux seulement ont pris part \u00e0 la course).<br \/>\nAu guichet, annoncez \u201cGagnant le\u201d suivi du num\u00e9ro du cheval choisi ou \u201cPlac\u00e9 le\u201d suivi du num\u00e9ro du cheval choisi.<\/p>\n<p>[\/vc_column_text][vc_empty_space height=\u00a0\u00bb70px\u00a0\u00bb][\/vc_column_inner][vc_column_inner width=\u00a0\u00bb1\/2&Prime; css=\u00a0\u00bb.vc_custom_1509556557987{padding-right: 50px !important;padding-left: 50px !important;}\u00a0\u00bb][vc_column_text]<\/p>\n<h3>Pari coupl\u00e9 gagnant<\/h3>\n<p style=\"text-align: justify;\">Vous choisissez 2 chevaux. Vous avez gagn\u00e9 si les 2 chevaux choisis arrivent aux deux 1\u00e8res places quel que soit l\u2019ordre d\u2019arriv\u00e9e. Pour les courses de 4 \u00e0 7 partants, l\u2019ordre d\u2019arriv\u00e9e doit \u00eatre pr\u00e9cis\u00e9. Cette indication est port\u00e9e sur le programme : \u201cPari coupl\u00e9 gagnant dans l\u2019ordre exact d\u2019arriv\u00e9e\u201d.<br \/>\nAu guichet, annoncez \u201cCoupl\u00e9 gagnant\u201d suivi des num\u00e9ros des 2 chevaux choisis.<\/p>\n<p>[\/vc_column_text][vc_empty_space height=\u00a0\u00bb70px\u00a0\u00bb][\/vc_column_inner][\/vc_row_inner][vc_row_inner row_type=\u00a0\u00bbrow\u00a0\u00bb type=\u00a0\u00bbfull_width\u00a0\u00bb use_row_as_full_screen_section_slide=\u00a0\u00bbno\u00a0\u00bb text_align=\u00a0\u00bbleft\u00a0\u00bb css_animation=\u00a0\u00bb\u00a0\u00bb][vc_column_inner width=\u00a0\u00bb1\/2&Prime; css=\u00a0\u00bb.vc_custom_1509556557987{padding-right: 50px !important;padding-left: 50px !important;}\u00a0\u00bb][vc_column_text]<\/p>\n<h3>Pari coupl\u00e9 plac\u00e9<\/h3>\n<p style=\"text-align: justify;\">Vous choisissez 2 chevaux. Vous avez gagn\u00e9 si vos 2 chevaux sont dans les 3 premiers. Le coupl\u00e9 plac\u00e9 peut \u00eatre engag\u00e9 sur toutes les courses d\u2019au moins 8 partants.<br \/>\nAu guichet, annoncez \u201cCoupl\u00e9 plac\u00e9\u201d suivi des num\u00e9ros des 2 chevaux choisis.<\/p>\n<p>[\/vc_column_text][vc_empty_space height=\u00a0\u00bb70px\u00a0\u00bb][\/vc_column_inner][vc_column_inner width=\u00a0\u00bb1\/2&Prime; css=\u00a0\u00bb.vc_custom_1509556550748{padding-right: 50px !important;padding-left: 50px !important;}\u00a0\u00bb][vc_column_text]<\/p>\n<h3>Pari trio<\/h3>\n<p style=\"text-align: justify;\">Cette formule de pari consiste \u00e0 d\u00e9signer les 3 chevaux qui arriveront aux 3 premi\u00e8res places quel que soit l\u2019ordre d\u2019arriv\u00e9e.<br \/>\nLes courses sur lesquelles ces paris peuvent \u00eatres engag\u00e9s sont sp\u00e9cifi\u00e9es sur le programme au guichet, annoncez \u201cTrio\u201d suivi des num\u00e9ros des 3 chevaux choisis.<\/p>\n<p>[\/vc_column_text][vc_empty_space height=\u00a0\u00bb70px\u00a0\u00bb][\/vc_column_inner][\/vc_row_inner][vc_row_inner row_type=\u00a0\u00bbrow\u00a0\u00bb type=\u00a0\u00bbfull_width\u00a0\u00bb use_row_as_full_screen_section_slide=\u00a0\u00bbno\u00a0\u00bb text_align=\u00a0\u00bbleft\u00a0\u00bb css_animation=\u00a0\u00bb\u00a0\u00bb][vc_column_inner][vc_column_text css=\u00a0\u00bb.vc_custom_1714407207397{padding-right: 20px !important;padding-left: 20px !important;}\u00a0\u00bb]<img loading=\"lazy\" decoding=\"async\" class=\"size-full wp-image-23688 aligncenter\" src=\"https:\/\/hippodrome-cotedazur.fr\/site\/wp-content\/uploads\/2024\/04\/Logos-responsable2024.png\" alt=\"\" width=\"246\" height=\"120\" \/>[\/vc_column_text][\/vc_column_inner][\/vc_row_inner][vc_row_inner row_type=\u00a0\u00bbrow\u00a0\u00bb type=\u00a0\u00bbfull_width\u00a0\u00bb use_row_as_full_screen_section_slide=\u00a0\u00bbno\u00a0\u00bb text_align=\u00a0\u00bbleft\u00a0\u00bb css_animation=\u00a0\u00bb\u00a0\u00bb css=\u00a0\u00bb.vc_custom_1625734138076{padding-top: 30px !important;}\u00a0\u00bb][vc_column_inner][vc_single_image image=\u00a0\u00bb23689&Prime; img_size=\u00a0\u00bbfull\u00a0\u00bb alignment=\u00a0\u00bbcenter\u00a0\u00bb qode_css_animation=\u00a0\u00bb\u00a0\u00bb][\/vc_column_inner][\/vc_row_inner][\/vc_column][vc_column width=\u00a0\u00bb1\/6&Prime;][\/vc_column][\/vc_row][vc_row row_type=\u00a0\u00bbrow\u00a0\u00bb use_row_as_full_screen_section=\u00a0\u00bbno\u00a0\u00bb type=\u00a0\u00bbfull_width\u00a0\u00bb text_align=\u00a0\u00bbleft\u00a0\u00bb background_animation=\u00a0\u00bbnone\u00a0\u00bb css_animation=\u00a0\u00bb\u00a0\u00bb][vc_column][vc_empty_space height=\u00a0\u00bb150px\u00a0\u00bb][\/vc_column][\/vc_row]<\/p>\n<\/div>","protected":false},"excerpt":{"rendered":"<p>[vc_row row_type=\u00a0\u00bbrow\u00a0\u00bb use_row_as_full_screen_section=\u00a0\u00bbno\u00a0\u00bb type=\u00a0\u00bbfull_width\u00a0\u00bb text_align=\u00a0\u00bbleft\u00a0\u00bb background_animation=\u00a0\u00bbnone\u00a0\u00bb css_animation=\u00a0\u00bb\u00a0\u00bb][vc_column][rev_slider_vc alias=\u00a0\u00bbsavoir-jouer-859&Prime;][\/vc_column][\/vc_row][vc_row row_type=\u00a0\u00bbrow\u00a0\u00bb use_row_as_full_screen_section=\u00a0\u00bbno\u00a0\u00bb type=\u00a0\u00bbfull_width\u00a0\u00bb text_align=\u00a0\u00bbleft\u00a0\u00bb background_animation=\u00a0\u00bbnone\u00a0\u00bb css_animation=\u00a0\u00bb\u00a0\u00bb][vc_column width=\u00a0\u00bb1\/6&Prime;][\/vc_column][vc_column css_animation=\u00a0\u00bbfadeInUp\u00a0\u00bb width=\u00a0\u00bb2\/3&Prime;][vc_row_inner row_type=\u00a0\u00bbrow\u00a0\u00bb type=\u00a0\u00bbfull_width\u00a0\u00bb use_row_as_full_screen_section_slide=\u00a0\u00bbno\u00a0\u00bb&#8230;<\/p>\n","protected":false},"author":1,"featured_media":0,"parent":0,"menu_order":0,"comment_status":"closed","ping_status":"closed","template":"full_width.php","meta":{"footnotes":"","_links_to":"","_links_to_target":""},"class_list":["post-22257","page","type-page","status-publish","hentry"],"_links":{"self":[{"href":"https:\/\/hippodrome-cotedazur.fr\/site\/wp-json\/wp\/v2\/pages\/22257","targetHints":{"allow":["GET"]}}],"collection":[{"href":"https:\/\/hippodrome-cotedazur.fr\/site\/wp-json\/wp\/v2\/pages"}],"about":[{"href":"https:\/\/hippodrome-cotedazur.fr\/site\/wp-json\/wp\/v2\/types\/page"}],"author":[{"embeddable":true,"href":"https:\/\/hippodrome-cotedazur.fr\/site\/wp-json\/wp\/v2\/users\/1"}],"replies":[{"embeddable":true,"href":"https:\/\/hippodrome-cotedazur.fr\/site\/wp-json\/wp\/v2\/comments?post=22257"}],"version-history":[{"count":35,"href":"https:\/\/hippodrome-cotedazur.fr\/site\/wp-json\/wp\/v2\/pages\/22257\/revisions"}],"predecessor-version":[{"id":23771,"href":"https:\/\/hippodrome-cotedazur.fr\/site\/wp-json\/wp\/v2\/pages\/22257\/revisions\/23771"}],"wp:attachment":[{"href":"https:\/\/hippodrome-cotedazur.fr\/site\/wp-json\/wp\/v2\/media?parent=22257"}],"curies":[{"name":"wp","href":"https:\/\/api.w.org\/{rel}","templated":true}]}}