{"id":22371,"date":"2017-11-13T21:52:58","date_gmt":"2017-11-13T20:52:58","guid":{"rendered":"https:\/\/hippodrome-cotedazur.fr\/site\/?page_id=22371"},"modified":"2024-10-08T14:05:22","modified_gmt":"2024-10-08T12:05:22","slug":"le-langage-des-courses","status":"publish","type":"page","link":"https:\/\/hippodrome-cotedazur.fr\/site\/le-langage-des-courses\/","title":{"rendered":"Le langage des courses"},"content":{"rendered":"<div class=\"wpb-content-wrapper\"><p>[vc_row row_type=\u00a0\u00bbrow\u00a0\u00bb use_row_as_full_screen_section=\u00a0\u00bbno\u00a0\u00bb type=\u00a0\u00bbfull_width\u00a0\u00bb text_align=\u00a0\u00bbleft\u00a0\u00bb background_animation=\u00a0\u00bbnone\u00a0\u00bb css_animation=\u00a0\u00bb\u00a0\u00bb][vc_column][rev_slider_vc alias=\u00a0\u00bblangage\u00a0\u00bb][\/vc_column][\/vc_row][vc_row row_type=\u00a0\u00bbrow\u00a0\u00bb use_row_as_full_screen_section=\u00a0\u00bbno\u00a0\u00bb type=\u00a0\u00bbfull_width\u00a0\u00bb text_align=\u00a0\u00bbleft\u00a0\u00bb background_animation=\u00a0\u00bbnone\u00a0\u00bb css_animation=\u00a0\u00bb\u00a0\u00bb][vc_column width=\u00a0\u00bb1\/6&Prime;][\/vc_column][vc_column css_animation=\u00a0\u00bbfadeInUp\u00a0\u00bb width=\u00a0\u00bb2\/3&Prime;][vc_row_inner row_type=\u00a0\u00bbrow\u00a0\u00bb type=\u00a0\u00bbfull_width\u00a0\u00bb use_row_as_full_screen_section_slide=\u00a0\u00bbno\u00a0\u00bb text_align=\u00a0\u00bbleft\u00a0\u00bb css_animation=\u00a0\u00bb\u00a0\u00bb][vc_column_inner][vc_empty_space height=\u00a0\u00bb40px\u00a0\u00bb][vc_column_text]<\/p>\n<h6 style=\"text-align: center;\"><span style=\"color: #102930;\">LE JEU<\/span><br \/>\n<img loading=\"lazy\" decoding=\"async\" class=\"alignnone size-full wp-image-21677\" src=\"http:\/\/hippodrome-cotedazur.fr\/site\/wp-content\/uploads\/2017\/09\/trait-titre-entete.png\" alt=\"\" width=\"104\" height=\"2\" \/><\/h6>\n<p>[\/vc_column_text][vc_empty_space height=\u00a0\u00bb70px\u00a0\u00bb][vc_column_text css=\u00a0\u00bb.vc_custom_1510606509740{padding-right: 20px !important;padding-left: 20px !important;}\u00a0\u00bb]<\/p>\n<h1 style=\"text-align: center;\">Le langage des courses<\/h1>\n<p>[\/vc_column_text][\/vc_column_inner][\/vc_row_inner][vc_row_inner row_type=\u00a0\u00bbrow\u00a0\u00bb type=\u00a0\u00bbfull_width\u00a0\u00bb use_row_as_full_screen_section_slide=\u00a0\u00bbno\u00a0\u00bb text_align=\u00a0\u00bbleft\u00a0\u00bb side_padding=\u00a0\u00bb10&Prime; padding_top=\u00a0\u00bb70&Prime; padding_bottom=\u00a0\u00bb70&Prime; css_animation=\u00a0\u00bb\u00a0\u00bb][vc_column_inner width=\u00a0\u00bb1\/4&Prime;][vc_column_text]<span style=\"color: #333333; font-size: 18px; line-height: 20pt;\"><strong>Autostart<\/strong><\/span><br \/>\nAu Trot, v\u00e9hicule sp\u00e9cialement am\u00e9nag\u00e9 pour faire partir les chevaux lanc\u00e9s sur un ou deux rangs.<\/p>\n<p><span style=\"color: #333333; font-size: 18px; line-height: 20pt;\"><strong>Casaque<\/strong><\/span><br \/>\nTenue que porte le jockey aux couleurs du propri\u00e9taire.<\/p>\n<p><span style=\"color: #333333; font-size: 18px; line-height: 20pt;\"><strong>Commissaires<\/strong><\/span><br \/>\nOfficiels b\u00e9n\u00e9voles ind\u00e9pendants charg\u00e9s de juger les courses, de veiller \u00e0 leur r\u00e9gularit\u00e9 et \u00e0 l\u2019application du code des courses.<\/p>\n<p><span style=\"color: #333333; font-size: 18px; line-height: 20pt;\"><strong>Corde<\/strong><\/span><br \/>\nLimite int\u00e9rieure de la piste de courses.<br \/>\nUn cheval \u00e0 la corde effectuera le parcours le plus court.[\/vc_column_text][\/vc_column_inner][vc_column_inner width=\u00a0\u00bb1\/4&Prime;][vc_column_text]<span style=\"color: #333333; font-size: 18px; line-height: 20pt;\"><strong>Disqualifier<\/strong><\/span><br \/>\nDans une course au Trot, \u00e9liminer un cheval pour allure irr\u00e9guli\u00e8re, en abr\u00e9g\u00e9 \u201cD.A.I\u201d. Il peut \u00eatre disqualifi\u00e9 \u00e9galement pour avoir franchi le poteau au galop \u201cD.P.G\u201d.<\/p>\n<p><span style=\"color: #333333; font-size: 18px; line-height: 20pt;\"><strong>Enqu\u00eate<\/strong><\/span><br \/>\nAnnonc\u00e9e par un signal sonore, elle est conduite \u00e0 l\u2019initiative des commissaires d\u00e8s l\u2019arriv\u00e9e de la course, s\u2019ils jugent qu\u2019un incident, pendant le parcours, a pu en fausser l\u2019arriv\u00e9e.<\/p>\n<p><span style=\"color: #333333; font-size: 18px; line-height: 20pt;\"><strong>Galop<\/strong><\/span><br \/>\nUne des trois allures du cheval avec le Pas et le Trot. Les courses de Galop comportent deux sp\u00e9cialit\u00e9s : le Plat et l\u2019Obstacle.<\/p>\n<p><span style=\"color: #333333; font-size: 18px; line-height: 20pt;\"><strong>Handicap<\/strong><\/span><br \/>\nDans une course \u00e0 handicap, un technicien fixe le poids (au galop) ou la distance (au trot), dans le but d\u2019\u00e9galiser les chances de gagner de chaque concurrent.[\/vc_column_text][\/vc_column_inner][vc_column_inner width=\u00a0\u00bb1\/4&Prime;][vc_column_text]<span style=\"color: #333333; font-size: 18px; line-height: 20pt;\"><strong>Hongre<\/strong><\/span><br \/>\nCheval castr\u00e9.<\/p>\n<p><span style=\"color: #333333; font-size: 18px; line-height: 20pt;\"><strong>Lisse<\/strong><\/span><br \/>\nBarri\u00e8re qui d\u00e9limite le bord de la piste.<\/p>\n<p><span style=\"color: #333333; font-size: 18px; line-height: 20pt;\"><strong>Obstacles<\/strong><\/span><br \/>\nLes courses d\u2019Obstacle peuvent \u00eatre des courses de haies, de steeple-chase (obstacles diff\u00e9rents) ou de cross (obstacles naturels et distances plus longues).<\/p>\n<p><span style=\"color: #333333; font-size: 18px; line-height: 20pt;\"><strong>Pes\u00e9e<\/strong><\/span><br \/>\nElle a beaucoup d\u2019importance pour le galop. Les \u00e9l\u00e9ments qui sont pes\u00e9s sont la selle, le tapis de selle, la sangle, la sursangle, le collier et le jockey.<\/p>\n<p><span style=\"color: #333333; font-size: 18px; line-height: 20pt;\"><strong>Poids<\/strong><\/span><br \/>\nCrit\u00e8re pr\u00e9pond\u00e9rant dans l\u2019\u00e9nonciation des conditions de courses fix\u00e9 par le handicapeur dans les courses \u00e0 handicap.<\/p>\n<p><span style=\"color: #333333; font-size: 18px; line-height: 20pt;\"><strong>Poteau d\u2019arriv\u00e9e<\/strong><\/span><br \/>\nDisque rouge qui marque la ligne d\u2019arriv\u00e9e.[\/vc_column_text][\/vc_column_inner][vc_column_inner width=\u00a0\u00bb1\/4&Prime;][vc_column_text]<span style=\"color: #333333; font-size: 18px; line-height: 20pt;\"><strong>R\u00e9clamation<\/strong><\/span><br \/>\n\u00c0 l\u2019issue d\u2019une course, un jockey qui consid\u00e8re avoir \u00e9t\u00e9 g\u00ean\u00e9 par un ou plusieurs concurrents, demande aux commissaires de v\u00e9rifier la r\u00e9gularit\u00e9 de la course.<\/p>\n<p><span style=\"color: #333333; font-size: 18px; line-height: 20pt;\"><strong>R\u00e9clamer<\/strong><\/span><br \/>\nType de course \u00e0 l\u2019issue de laquelle les chevaux sont mis en vente.<\/p>\n<p><span style=\"color: #333333; font-size: 18px; line-height: 20pt;\"><strong>\u00ab\u00a0Sous les ordres\u00a0\u00bb<\/strong><\/span><br \/>\nLes chevaux sont \u201csous les ordres\u201d lorsque le starter appelle les concurrents au d\u00e9part.<\/p>\n<p><span style=\"color: #333333; font-size: 18px; line-height: 20pt;\"><strong>Starter<\/strong><\/span><br \/>\nTechnicien charg\u00e9 de donner les d\u00e9parts.<\/p>\n<p><span style=\"color: #333333; font-size: 18px; line-height: 20pt;\"><strong>Sulky<\/strong><\/span><br \/>\nVoiture tr\u00e8s l\u00e9g\u00e8re \u00e0 deux roues, utilis\u00e9e dans les courses de Trot attel\u00e9.[\/vc_column_text][\/vc_column_inner][\/vc_row_inner][\/vc_column][vc_column width=\u00a0\u00bb1\/6&Prime;][\/vc_column][\/vc_row][vc_row row_type=\u00a0\u00bbrow\u00a0\u00bb use_row_as_full_screen_section=\u00a0\u00bbno\u00a0\u00bb type=\u00a0\u00bbfull_width\u00a0\u00bb text_align=\u00a0\u00bbleft\u00a0\u00bb background_animation=\u00a0\u00bbnone\u00a0\u00bb css_animation=\u00a0\u00bb\u00a0\u00bb][vc_column][vc_empty_space height=\u00a0\u00bb70px\u00a0\u00bb][vc_single_image image=\u00a0\u00bb22385&Prime; img_size=\u00a0\u00bbfull\u00a0\u00bb alignment=\u00a0\u00bbcenter\u00a0\u00bb qode_css_animation=\u00a0\u00bbelement_from_fade\u00a0\u00bb][vc_empty_space height=\u00a0\u00bb70px\u00a0\u00bb][\/vc_column][\/vc_row][vc_row row_type=\u00a0\u00bbrow\u00a0\u00bb use_row_as_full_screen_section=\u00a0\u00bbno\u00a0\u00bb type=\u00a0\u00bbfull_width\u00a0\u00bb text_align=\u00a0\u00bbleft\u00a0\u00bb background_animation=\u00a0\u00bbnone\u00a0\u00bb css_animation=\u00a0\u00bb\u00a0\u00bb][vc_column width=\u00a0\u00bb1\/6&Prime;][\/vc_column][vc_column css_animation=\u00a0\u00bbfadeInUp\u00a0\u00bb width=\u00a0\u00bb2\/3&Prime;][vc_row_inner row_type=\u00a0\u00bbrow\u00a0\u00bb type=\u00a0\u00bbfull_width\u00a0\u00bb use_row_as_full_screen_section_slide=\u00a0\u00bbno\u00a0\u00bb text_align=\u00a0\u00bbleft\u00a0\u00bb css_animation=\u00a0\u00bb\u00a0\u00bb][vc_column_inner][vc_empty_space height=\u00a0\u00bb70px\u00a0\u00bb][vc_column_text css=\u00a0\u00bb.vc_custom_1510609046591{padding-right: 20px !important;padding-left: 20px !important;}\u00a0\u00bb]<\/p>\n<h1 style=\"text-align: center;\">Les lieux strat\u00e9giques<\/h1>\n<p>[\/vc_column_text][\/vc_column_inner][\/vc_row_inner][vc_row_inner row_type=\u00a0\u00bbrow\u00a0\u00bb type=\u00a0\u00bbfull_width\u00a0\u00bb use_row_as_full_screen_section_slide=\u00a0\u00bbno\u00a0\u00bb text_align=\u00a0\u00bbleft\u00a0\u00bb side_padding=\u00a0\u00bb10&Prime; padding_top=\u00a0\u00bb70&Prime; padding_bottom=\u00a0\u00bb70&Prime; css_animation=\u00a0\u00bb\u00a0\u00bb][vc_column_inner width=\u00a0\u00bb1\/4&Prime;][vc_single_image image=\u00a0\u00bb22403&Prime; img_size=\u00a0\u00bbfull\u00a0\u00bb qode_css_animation=\u00a0\u00bb\u00a0\u00bb][vc_column_text]<span style=\"color: #333333; font-size: 18px; line-height: 20pt;\"><strong>La salle des balances<\/strong><\/span><br \/>\nLieu o\u00f9 sont officiellement pes\u00e9s les jockeys avant et apr\u00e8s chaque course, ce qui permet de v\u00e9rifier que le poids du jockey avec sa selle correspond bien aux crit\u00e8res de participation \u00e0 la course, et o\u00f9 les drivers doivent se pr\u00e9senter pour confirmation de leurs chevaux partants.[\/vc_column_text][vc_empty_space height=\u00a0\u00bb40px\u00a0\u00bb][\/vc_column_inner][vc_column_inner width=\u00a0\u00bb1\/4&Prime;][vc_single_image image=\u00a0\u00bb22404&Prime; img_size=\u00a0\u00bbfull\u00a0\u00bb qode_css_animation=\u00a0\u00bb\u00a0\u00bb][vc_column_text]<span style=\"color: #333333; font-size: 18px; line-height: 20pt;\"><strong>Les \u00e9curies<\/strong><\/span><br \/>\nLes chevaux participant aux courses de la journ\u00e9e sont pr\u00e9par\u00e9s par leur lad dans les \u00e9curies mises \u00e0 leur disposition sur l\u2019hippodrome.[\/vc_column_text][vc_column_text]<span style=\"color: #333333; font-size: 18px; line-height: 20pt;\"><strong>Les pistes<\/strong><\/span><br \/>\nL\u2019hippodrome de la C\u00f4te d\u2019azur accueille des courses au Trot, au Galop ou d\u2019Obstacle. Ces 3 disciplines se courent sur des pistes diff\u00e9rentes.[\/vc_column_text][vc_empty_space height=\u00a0\u00bb40px\u00a0\u00bb][\/vc_column_inner][vc_column_inner width=\u00a0\u00bb1\/4&Prime;][vc_single_image image=\u00a0\u00bb22405&Prime; img_size=\u00a0\u00bbfull\u00a0\u00bb qode_css_animation=\u00a0\u00bb\u00a0\u00bb][vc_column_text]<span style=\"color: #333333; font-size: 18px; line-height: 20pt;\"><strong>Les tribunes<\/strong><\/span><br \/>\nVous y serez id\u00e9alement plac\u00e9s pour suivre le d\u00e9roulement de la course. A Cagnes-sur-Mer, les tribunes font toutes face \u00e0 la m\u00e9diterran\u00e9e et offrent un panorama exceptionnel.[\/vc_column_text][vc_empty_space height=\u00a0\u00bb40px\u00a0\u00bb][\/vc_column_inner][vc_column_inner width=\u00a0\u00bb1\/4&Prime;][vc_single_image image=\u00a0\u00bb22408&Prime; img_size=\u00a0\u00bbfull\u00a0\u00bb qode_css_animation=\u00a0\u00bb\u00a0\u00bb][vc_column_text]<span style=\"color: #333333; font-size: 18px; line-height: 20pt;\"><strong>Le rond de pr\u00e9sentation ou Paddock<\/strong><\/span><br \/>\nLes chevaux y sont pr\u00e9sent\u00e9s avant et apr\u00e8s chaque course. C\u2019est l\u2019endroit id\u00e9al pour admirer les athl\u00e8tes de pr\u00e8s et juger de leur \u00e9tat de forme.[\/vc_column_text][vc_empty_space height=\u00a0\u00bb40px\u00a0\u00bb][\/vc_column_inner][\/vc_row_inner][\/vc_column][vc_column width=\u00a0\u00bb1\/6&Prime;][\/vc_column][\/vc_row][vc_row row_type=\u00a0\u00bbrow\u00a0\u00bb use_row_as_full_screen_section=\u00a0\u00bbno\u00a0\u00bb type=\u00a0\u00bbfull_width\u00a0\u00bb text_align=\u00a0\u00bbleft\u00a0\u00bb background_image=\u00a0\u00bb22389&Prime; background_animation=\u00a0\u00bbnone\u00a0\u00bb css_animation=\u00a0\u00bb\u00a0\u00bb][vc_column width=\u00a0\u00bb1\/6&Prime;][\/vc_column][vc_column css_animation=\u00a0\u00bbfadeInUp\u00a0\u00bb width=\u00a0\u00bb2\/3&Prime;][vc_row_inner row_type=\u00a0\u00bbrow\u00a0\u00bb type=\u00a0\u00bbfull_width\u00a0\u00bb use_row_as_full_screen_section_slide=\u00a0\u00bbno\u00a0\u00bb text_align=\u00a0\u00bbleft\u00a0\u00bb css_animation=\u00a0\u00bb\u00a0\u00bb][vc_column_inner][vc_empty_space height=\u00a0\u00bb150px\u00a0\u00bb][vc_column_text css=\u00a0\u00bb.vc_custom_1510607945133{padding-right: 20px !important;padding-left: 20px !important;}\u00a0\u00bb]<\/p>\n<h1 style=\"text-align: center;\">L\u2019\u00e9quipe autour du cheval<\/h1>\n<p>[\/vc_column_text][\/vc_column_inner][\/vc_row_inner][vc_row_inner row_type=\u00a0\u00bbrow\u00a0\u00bb type=\u00a0\u00bbfull_width\u00a0\u00bb use_row_as_full_screen_section_slide=\u00a0\u00bbno\u00a0\u00bb text_align=\u00a0\u00bbleft\u00a0\u00bb side_padding=\u00a0\u00bb10&Prime; padding_top=\u00a0\u00bb70&Prime; padding_bottom=\u00a0\u00bb70&Prime; css_animation=\u00a0\u00bb\u00a0\u00bb][vc_column_inner width=\u00a0\u00bb1\/4&Prime;][vc_column_text]<span style=\"color: #333333; font-size: 18px; line-height: 20pt;\"><strong>le propri\u00e9taire<\/strong><\/span><br \/>\nSon amour du cheval et de la comp\u00e9tition motivent sa passion. Le propri\u00e9taire est le premier investisseur financier.<\/p>\n<p><span style=\"color: #333333; font-size: 18px; line-height: 20pt;\"><strong>l\u2019\u00e9leveur<\/strong><\/span><br \/>\nIl recherche pour ses juments le meilleur croisement possible en choisissant les \u00e9talons. Dans son haras, il pr\u00e9pare les poulains comme de futurs athl\u00e8tes jusqu\u2019\u00e0 l\u2019\u00e2ge de 18 mois<\/p>\n<p>[\/vc_column_text][\/vc_column_inner][vc_column_inner width=\u00a0\u00bb1\/4&Prime;][vc_column_text]<span style=\"color: #333333; font-size: 18px; line-height: 20pt;\"><strong>l\u2019entra\u00eeneur<\/strong><\/span><br \/>\nIl a la lourde t\u00e2che de juger de l\u2019aptitude du cheval \u00e0 la comp\u00e9tition et de l\u2019amener au sommet de sa condition physique et psychique.<\/p>\n<p><span style=\"color: #333333; font-size: 18px; line-height: 20pt;\"><strong>le lad<\/strong><\/span><br \/>\nIl accompagne l\u2019athl\u00e8te chaque jour depuis l\u2019entra\u00eenement jusqu\u2019aux ronds de pr\u00e9sentation des hippodromes.<\/p>\n<p>[\/vc_column_text][\/vc_column_inner][vc_column_inner width=\u00a0\u00bb1\/4&Prime;][vc_column_text]<span style=\"color: #333333; font-size: 18px; line-height: 20pt;\"><strong>le jockey<\/strong><\/span><br \/>\nIl exerce un m\u00e9tier exigeant l\u2019assimilant \u00e0 un athl\u00e8te de haut niveau confront\u00e9 chaque jour \u00e0 des risques r\u00e9els.<\/p>\n<p><span style=\"color: #333333; font-size: 18px; line-height: 20pt;\"><strong>le dentiste et le mar\u00e9chal ferrant<\/strong><\/span><br \/>\nIls contribuent \u00e0 la bonne forme et \u00e0 l\u2019\u00e9quilibre du cheval.[\/vc_column_text][\/vc_column_inner][vc_column_inner width=\u00a0\u00bb1\/4&Prime;][vc_column_text]<span style=\"color: #333333; font-size: 18px; line-height: 20pt;\"><strong>le v\u00e9t\u00e9rinaire<\/strong><\/span><br \/>\nIl est le garant de la sant\u00e9 et de la condition physique optimale des chevaux. Pr\u00e9sent lors des r\u00e9unions de courses, il assure les urgences, contr\u00f4le l\u2019identit\u00e9 des participants et la validit\u00e9 de leurs vaccinations. Il effectue les pr\u00e9l\u00e8vements de sang et d\u2019urine qui sont envoy\u00e9s au laboratoire de Ch\u00e2tenay Malabry pour le contr\u00f4le antidopage.<\/p>\n<p>[\/vc_column_text][\/vc_column_inner][\/vc_row_inner][vc_empty_space height=\u00a0\u00bb130px\u00a0\u00bb][\/vc_column][vc_column width=\u00a0\u00bb1\/6&Prime;][\/vc_column][\/vc_row]<\/p>\n<\/div>","protected":false},"excerpt":{"rendered":"<p>[vc_row row_type=\u00a0\u00bbrow\u00a0\u00bb use_row_as_full_screen_section=\u00a0\u00bbno\u00a0\u00bb type=\u00a0\u00bbfull_width\u00a0\u00bb text_align=\u00a0\u00bbleft\u00a0\u00bb background_animation=\u00a0\u00bbnone\u00a0\u00bb css_animation=\u00a0\u00bb\u00a0\u00bb][vc_column][rev_slider_vc alias=\u00a0\u00bblangage\u00a0\u00bb][\/vc_column][\/vc_row][vc_row row_type=\u00a0\u00bbrow\u00a0\u00bb use_row_as_full_screen_section=\u00a0\u00bbno\u00a0\u00bb type=\u00a0\u00bbfull_width\u00a0\u00bb text_align=\u00a0\u00bbleft\u00a0\u00bb background_animation=\u00a0\u00bbnone\u00a0\u00bb css_animation=\u00a0\u00bb\u00a0\u00bb][vc_column width=\u00a0\u00bb1\/6&Prime;][\/vc_column][vc_column css_animation=\u00a0\u00bbfadeInUp\u00a0\u00bb width=\u00a0\u00bb2\/3&Prime;][vc_row_inner row_type=\u00a0\u00bbrow\u00a0\u00bb type=\u00a0\u00bbfull_width\u00a0\u00bb use_row_as_full_screen_section_slide=\u00a0\u00bbno\u00a0\u00bb&#8230;<\/p>\n","protected":false},"author":1,"featured_media":0,"parent":0,"menu_order":0,"comment_status":"closed","ping_status":"closed","template":"full_width.php","meta":{"footnotes":"","_links_to":"","_links_to_target":""},"class_list":["post-22371","page","type-page","status-publish","hentry"],"_links":{"self":[{"href":"https:\/\/hippodrome-cotedazur.fr\/site\/wp-json\/wp\/v2\/pages\/22371","targetHints":{"allow":["GET"]}}],"collection":[{"href":"https:\/\/hippodrome-cotedazur.fr\/site\/wp-json\/wp\/v2\/pages"}],"about":[{"href":"https:\/\/hippodrome-cotedazur.fr\/site\/wp-json\/wp\/v2\/types\/page"}],"author":[{"embeddable":true,"href":"https:\/\/hippodrome-cotedazur.fr\/site\/wp-json\/wp\/v2\/users\/1"}],"replies":[{"embeddable":true,"href":"https:\/\/hippodrome-cotedazur.fr\/site\/wp-json\/wp\/v2\/comments?post=22371"}],"version-history":[{"count":46,"href":"https:\/\/hippodrome-cotedazur.fr\/site\/wp-json\/wp\/v2\/pages\/22371\/revisions"}],"predecessor-version":[{"id":23779,"href":"https:\/\/hippodrome-cotedazur.fr\/site\/wp-json\/wp\/v2\/pages\/22371\/revisions\/23779"}],"wp:attachment":[{"href":"https:\/\/hippodrome-cotedazur.fr\/site\/wp-json\/wp\/v2\/media?parent=22371"}],"curies":[{"name":"wp","href":"https:\/\/api.w.org\/{rel}","templated":true}]}}