{"id":22484,"date":"2017-11-14T18:52:33","date_gmt":"2017-11-14T17:52:33","guid":{"rendered":"https:\/\/hippodrome-cotedazur.fr\/site\/?page_id=22484"},"modified":"2025-11-28T20:02:57","modified_gmt":"2025-11-28T19:02:57","slug":"espace-pro","status":"publish","type":"page","link":"https:\/\/hippodrome-cotedazur.fr\/site\/espace-pro\/","title":{"rendered":"Espace PRO"},"content":{"rendered":"<div class=\"wpb-content-wrapper\"><p>[vc_row row_type=\u00a0\u00bbrow\u00a0\u00bb use_row_as_full_screen_section=\u00a0\u00bbno\u00a0\u00bb type=\u00a0\u00bbfull_width\u00a0\u00bb text_align=\u00a0\u00bbleft\u00a0\u00bb background_animation=\u00a0\u00bbnone\u00a0\u00bb css_animation=\u00a0\u00bb\u00a0\u00bb][vc_column width=\u00a0\u00bb1\/6&Prime;][\/vc_column][vc_column css_animation=\u00a0\u00bbfadeInUp\u00a0\u00bb width=\u00a0\u00bb2\/3&Prime;][vc_row_inner row_type=\u00a0\u00bbrow\u00a0\u00bb type=\u00a0\u00bbfull_width\u00a0\u00bb use_row_as_full_screen_section_slide=\u00a0\u00bbno\u00a0\u00bb text_align=\u00a0\u00bbleft\u00a0\u00bb css_animation=\u00a0\u00bb\u00a0\u00bb][vc_column_inner][vc_empty_space height=\u00a0\u00bb40px\u00a0\u00bb][vc_column_text css=\u00a0\u00bb.vc_custom_1511257976913{padding-right: 20px !important;padding-left: 20px !important;}\u00a0\u00bb]<\/p>\n<h1 style=\"text-align: center;\">Espace PRO<\/h1>\n<p>[\/vc_column_text][vc_empty_space height=\u00a0\u00bb40px\u00a0\u00bb][vc_column_text]<\/p>\n<p style=\"text-align: center;\">Nous vous invitons \u00e0 t\u00e9l\u00e9charger le document de votre choix :<\/p>\n<p>[\/vc_column_text][\/vc_column_inner][\/vc_row_inner][\/vc_column][vc_column width=\u00a0\u00bb1\/6&Prime;][\/vc_column][\/vc_row][vc_row row_type=\u00a0\u00bbrow\u00a0\u00bb use_row_as_full_screen_section=\u00a0\u00bbno\u00a0\u00bb type=\u00a0\u00bbfull_width\u00a0\u00bb text_align=\u00a0\u00bbleft\u00a0\u00bb background_animation=\u00a0\u00bbnone\u00a0\u00bb css_animation=\u00a0\u00bb\u00a0\u00bb][vc_column width=\u00a0\u00bb1\/6&Prime;][\/vc_column][vc_column css_animation=\u00a0\u00bbfadeInUp\u00a0\u00bb width=\u00a0\u00bb2\/3&Prime;][vc_row_inner row_type=\u00a0\u00bbrow\u00a0\u00bb type=\u00a0\u00bbfull_width\u00a0\u00bb use_row_as_full_screen_section_slide=\u00a0\u00bbno\u00a0\u00bb text_align=\u00a0\u00bbleft\u00a0\u00bb side_padding=\u00a0\u00bb20&Prime; padding_top=\u00a0\u00bb20&Prime; padding_bottom=\u00a0\u00bb20&Prime; css_animation=\u00a0\u00bb\u00a0\u00bb][vc_column_inner width=\u00a0\u00bb1\/3&Prime;][vc_separator css_animation=\u00a0\u00bbfadeIn\u00a0\u00bb type=\u00a0\u00bbnormal\u00a0\u00bb color=\u00a0\u00bb#dbdbdb\u00a0\u00bb border_style=\u00a0\u00bbsolid\u00a0\u00bb down=\u00a0\u00bb20&Prime;][vc_column_text css=\u00a0\u00bb\u00a0\u00bb]<\/p>\n<p style=\"text-align: center;\"><strong><img loading=\"lazy\" decoding=\"async\" class=\"aligncenter wp-image-22561 size-full\" src=\"https:\/\/hippodrome-cotedazur.fr\/site\/wp-content\/uploads\/2017\/11\/pdf.png\" alt=\"\" width=\"48\" height=\"48\" \/><\/strong><\/p>\n<p style=\"text-align: center;\"><strong>2025-2026<br \/>\nProgramme Plat<\/strong><\/p>\n<p style=\"text-align: center;\"><a href=\"https:\/\/hippodrome-cotedazur.fr\/espace-pro\/2025-2026-Programme-Plat-Cagnes.pdf\" target=\"_blank\"  class=\"qbutton  small\" style=\"\">TELECHARGER<\/a><\/p>\n<p>[\/vc_column_text][vc_empty_space height=\u00a0\u00bb40px\u00a0\u00bb][\/vc_column_inner][vc_column_inner width=\u00a0\u00bb1\/3&Prime;][vc_separator css_animation=\u00a0\u00bbfadeIn\u00a0\u00bb type=\u00a0\u00bbnormal\u00a0\u00bb color=\u00a0\u00bb#dbdbdb\u00a0\u00bb border_style=\u00a0\u00bbsolid\u00a0\u00bb down=\u00a0\u00bb20&Prime;][vc_column_text css=\u00a0\u00bb\u00a0\u00bb]<\/p>\n<p style=\"text-align: center;\"><strong><img loading=\"lazy\" decoding=\"async\" class=\"aligncenter wp-image-22561 size-full\" src=\"https:\/\/hippodrome-cotedazur.fr\/site\/wp-content\/uploads\/2017\/11\/pdf.png\" alt=\"\" width=\"48\" height=\"48\" \/><\/strong><\/p>\n<p style=\"text-align: center;\"><strong>2025-2026<br \/>\nTrot &#8211; Conditions de courses<\/strong><\/p>\n<p style=\"text-align: center;\"><a href=\"https:\/\/hippodrome-cotedazur.fr\/espace-pro\/2025-2026-Trot-Conditions-de-Courses-Cagnes-sur-Mer.pdf\" target=\"_blank\"  class=\"qbutton  small\" style=\"\">TELECHARGER<\/a><\/p>\n<p>[\/vc_column_text][vc_empty_space height=\u00a0\u00bb40px\u00a0\u00bb][\/vc_column_inner][vc_column_inner width=\u00a0\u00bb1\/3&Prime;][vc_separator css_animation=\u00a0\u00bbfadeIn\u00a0\u00bb type=\u00a0\u00bbnormal\u00a0\u00bb color=\u00a0\u00bb#dbdbdb\u00a0\u00bb border_style=\u00a0\u00bbsolid\u00a0\u00bb down=\u00a0\u00bb20&Prime;][vc_column_text css=\u00a0\u00bb\u00a0\u00bb]<\/p>\n<p style=\"text-align: center;\"><strong><img loading=\"lazy\" decoding=\"async\" class=\"aligncenter wp-image-22561 size-full\" src=\"https:\/\/hippodrome-cotedazur.fr\/site\/wp-content\/uploads\/2017\/11\/pdf.png\" alt=\"\" width=\"48\" height=\"48\" \/><\/strong><\/p>\n<p style=\"text-align: center;\"><strong>2025-2026<br \/>\nObstacle &#8211; Conditions de courses<\/strong><\/p>\n<p style=\"text-align: center;\"><a href=\"https:\/\/hippodrome-cotedazur.fr\/espace-pro\/2025-2026-Obstacle-Conditions-de-Courses-Cagnes-sur-Mer.pdf\" target=\"_blank\"  class=\"qbutton  small\" style=\"\">TELECHARGER<\/a><\/p>\n<p>[\/vc_column_text][vc_empty_space height=\u00a0\u00bb40px\u00a0\u00bb][\/vc_column_inner][\/vc_row_inner][\/vc_column][vc_column width=\u00a0\u00bb1\/6&Prime;][\/vc_column][\/vc_row][vc_row row_type=\u00a0\u00bbrow\u00a0\u00bb use_row_as_full_screen_section=\u00a0\u00bbno\u00a0\u00bb type=\u00a0\u00bbfull_width\u00a0\u00bb text_align=\u00a0\u00bbleft\u00a0\u00bb background_animation=\u00a0\u00bbnone\u00a0\u00bb css_animation=\u00a0\u00bb\u00a0\u00bb][vc_column width=\u00a0\u00bb1\/6&Prime;][\/vc_column][vc_column css_animation=\u00a0\u00bbfadeInUp\u00a0\u00bb width=\u00a0\u00bb2\/3&Prime;][vc_row_inner row_type=\u00a0\u00bbrow\u00a0\u00bb type=\u00a0\u00bbfull_width\u00a0\u00bb use_row_as_full_screen_section_slide=\u00a0\u00bbno\u00a0\u00bb text_align=\u00a0\u00bbleft\u00a0\u00bb side_padding=\u00a0\u00bb20&Prime; padding_top=\u00a0\u00bb20&Prime; padding_bottom=\u00a0\u00bb20&Prime; css_animation=\u00a0\u00bb\u00a0\u00bb][vc_column_inner width=\u00a0\u00bb1\/3&Prime;][vc_separator css_animation=\u00a0\u00bbfadeIn\u00a0\u00bb type=\u00a0\u00bbnormal\u00a0\u00bb color=\u00a0\u00bb#dbdbdb\u00a0\u00bb border_style=\u00a0\u00bbsolid\u00a0\u00bb down=\u00a0\u00bb20&Prime;][vc_column_text css=\u00a0\u00bb\u00a0\u00bb]<\/p>\n<p style=\"text-align: center;\"><strong><img loading=\"lazy\" decoding=\"async\" class=\"aligncenter wp-image-22561 size-full\" src=\"https:\/\/hippodrome-cotedazur.fr\/site\/wp-content\/uploads\/2017\/11\/pdf.png\" alt=\"\" width=\"48\" height=\"48\" \/><\/strong><\/p>\n<p style=\"text-align: center;\"><strong>Meeting Hiver 2025-2026<br \/>\nObstacle &#8211; R\u00e9servation de boxes et logements<br \/>\n<\/strong><\/p>\n<p style=\"text-align: center;\"><a href=\"https:\/\/hippodrome-cotedazur.fr\/espace-pro\/2025-2026-Obstacle-formulaire-demande-de-boxes-et-logements.pdf\" target=\"_blank\"  class=\"qbutton  small\" style=\"\">TELECHARGER<\/a><\/p>\n<p>[\/vc_column_text][vc_empty_space height=\u00a0\u00bb40px\u00a0\u00bb][\/vc_column_inner][vc_column_inner width=\u00a0\u00bb1\/3&Prime;][vc_separator css_animation=\u00a0\u00bbfadeIn\u00a0\u00bb type=\u00a0\u00bbnormal\u00a0\u00bb color=\u00a0\u00bb#dbdbdb\u00a0\u00bb border_style=\u00a0\u00bbsolid\u00a0\u00bb down=\u00a0\u00bb20&Prime;][vc_column_text css=\u00a0\u00bb\u00a0\u00bb]<\/p>\n<p style=\"text-align: center;\"><strong><img loading=\"lazy\" decoding=\"async\" class=\"aligncenter wp-image-22561 size-full\" src=\"https:\/\/hippodrome-cotedazur.fr\/site\/wp-content\/uploads\/2017\/11\/pdf.png\" alt=\"\" width=\"48\" height=\"48\" \/><\/strong><\/p>\n<p style=\"text-align: center;\"><strong>Meeting Hiver 2025-2026<br \/>\nTrot &#8211; R\u00e9servation de boxes et logements<br \/>\n<\/strong><\/p>\n<p style=\"text-align: center;\"><a href=\"https:\/\/hippodrome-cotedazur.fr\/espace-pro\/2025-2026-Trot-formulaire-demande-de-boxes-et-logements.pdf\" target=\"_blank\"  class=\"qbutton  small\" style=\"\">TELECHARGER<\/a><\/p>\n<p>[\/vc_column_text][vc_empty_space height=\u00a0\u00bb40px\u00a0\u00bb][\/vc_column_inner][vc_column_inner width=\u00a0\u00bb1\/3&Prime;][vc_separator css_animation=\u00a0\u00bbfadeIn\u00a0\u00bb type=\u00a0\u00bbnormal\u00a0\u00bb color=\u00a0\u00bb#dbdbdb\u00a0\u00bb border_style=\u00a0\u00bbsolid\u00a0\u00bb down=\u00a0\u00bb20&Prime;][vc_column_text css=\u00a0\u00bb\u00a0\u00bb]<\/p>\n<p style=\"text-align: center;\"><strong><img loading=\"lazy\" decoding=\"async\" class=\"aligncenter wp-image-22561 size-full\" src=\"https:\/\/hippodrome-cotedazur.fr\/site\/wp-content\/uploads\/2017\/11\/pdf.png\" alt=\"\" width=\"48\" height=\"48\" \/><\/strong><\/p>\n<p style=\"text-align: center;\"><strong>Meeting Hiver 2025-2026<br \/>\nPlat &#8211; R\u00e9servation de boxes et logements<br \/>\n<\/strong><\/p>\n<p style=\"text-align: center;\"><a href=\"https:\/\/hippodrome-cotedazur.fr\/espace-pro\/2026-Plat-formulaire-demande-de-boxes-et-logements.pdf\" target=\"_blank\"  class=\"qbutton  small\" style=\"\">TELECHARGER<\/a><\/p>\n<p>[\/vc_column_text][vc_empty_space height=\u00a0\u00bb40px\u00a0\u00bb][\/vc_column_inner][\/vc_row_inner][\/vc_column][vc_column width=\u00a0\u00bb1\/6&Prime;][\/vc_column][\/vc_row][vc_row row_type=\u00a0\u00bbrow\u00a0\u00bb use_row_as_full_screen_section=\u00a0\u00bbno\u00a0\u00bb type=\u00a0\u00bbfull_width\u00a0\u00bb text_align=\u00a0\u00bbleft\u00a0\u00bb background_animation=\u00a0\u00bbnone\u00a0\u00bb css_animation=\u00a0\u00bb\u00a0\u00bb][vc_column width=\u00a0\u00bb1\/6&Prime;][\/vc_column][vc_column css_animation=\u00a0\u00bbfadeInUp\u00a0\u00bb width=\u00a0\u00bb2\/3&Prime;][vc_row_inner row_type=\u00a0\u00bbrow\u00a0\u00bb type=\u00a0\u00bbfull_width\u00a0\u00bb use_row_as_full_screen_section_slide=\u00a0\u00bbno\u00a0\u00bb text_align=\u00a0\u00bbleft\u00a0\u00bb side_padding=\u00a0\u00bb20&Prime; padding_top=\u00a0\u00bb20&Prime; padding_bottom=\u00a0\u00bb20&Prime; css_animation=\u00a0\u00bb\u00a0\u00bb][vc_column_inner width=\u00a0\u00bb1\/3&Prime;][vc_separator css_animation=\u00a0\u00bbfadeIn\u00a0\u00bb type=\u00a0\u00bbnormal\u00a0\u00bb color=\u00a0\u00bb#dbdbdb\u00a0\u00bb border_style=\u00a0\u00bbsolid\u00a0\u00bb down=\u00a0\u00bb20&Prime;][vc_column_text css=\u00a0\u00bb\u00a0\u00bb]<\/p>\n<p style=\"text-align: center;\"><strong><img loading=\"lazy\" decoding=\"async\" class=\"aligncenter wp-image-22561 size-full\" src=\"https:\/\/hippodrome-cotedazur.fr\/site\/wp-content\/uploads\/2017\/11\/pdf.png\" alt=\"\" width=\"48\" height=\"48\" \/><\/strong><\/p>\n<p style=\"text-align: center;\"><strong>Winter Meeting 2025-2026<br \/>\nObstacle &#8211; Request for boxes and accommodation<br \/>\n<\/strong><\/p>\n<p style=\"text-align: center;\"><a href=\"https:\/\/hippodrome-cotedazur.fr\/espace-pro\/2025-2026 Obstacle Request for boxes and accomodation.pdf\" target=\"_blank\"  class=\"qbutton  small\" style=\"\">DOWNLOAD<\/a><\/p>\n<p>[\/vc_column_text][vc_empty_space height=\u00a0\u00bb40px\u00a0\u00bb][\/vc_column_inner][vc_column_inner width=\u00a0\u00bb1\/3&Prime;][vc_separator css_animation=\u00a0\u00bbfadeIn\u00a0\u00bb type=\u00a0\u00bbnormal\u00a0\u00bb color=\u00a0\u00bb#dbdbdb\u00a0\u00bb border_style=\u00a0\u00bbsolid\u00a0\u00bb down=\u00a0\u00bb20&Prime;][vc_column_text css=\u00a0\u00bb\u00a0\u00bb]<\/p>\n<p style=\"text-align: center;\"><strong><img loading=\"lazy\" decoding=\"async\" class=\"aligncenter wp-image-22561 size-full\" src=\"https:\/\/hippodrome-cotedazur.fr\/site\/wp-content\/uploads\/2017\/11\/pdf.png\" alt=\"\" width=\"48\" height=\"48\" \/><\/strong><\/p>\n<p style=\"text-align: center;\"><strong>Winter Meeting 2025-2026<br \/>\nTrot &#8211; Request for boxes and accommodation<br \/>\n<\/strong><\/p>\n<p style=\"text-align: center;\"><a href=\"https:\/\/hippodrome-cotedazur.fr\/espace-pro\/2025-2026-Trot-Request-for-boxes-and-accomodation.pdf\" target=\"_blank\"  class=\"qbutton  small\" style=\"\">DOWNLOAD<\/a><\/p>\n<p style=\"text-align: center;\"><strong>\u00a0<\/strong><\/p>\n<p>[\/vc_column_text][vc_empty_space height=\u00a0\u00bb40px\u00a0\u00bb][\/vc_column_inner][vc_column_inner width=\u00a0\u00bb1\/3&Prime;][vc_separator css_animation=\u00a0\u00bbfadeIn\u00a0\u00bb type=\u00a0\u00bbnormal\u00a0\u00bb color=\u00a0\u00bb#dbdbdb\u00a0\u00bb border_style=\u00a0\u00bbsolid\u00a0\u00bb down=\u00a0\u00bb20&Prime;][vc_column_text css=\u00a0\u00bb\u00a0\u00bb]<\/p>\n<p style=\"text-align: center;\"><strong><img loading=\"lazy\" decoding=\"async\" class=\"aligncenter wp-image-22561 size-full\" src=\"https:\/\/hippodrome-cotedazur.fr\/site\/wp-content\/uploads\/2017\/11\/pdf.png\" alt=\"\" width=\"48\" height=\"48\" \/><\/strong><\/p>\n<p style=\"text-align: center;\"><strong>Winter Meeting 2025-2026<br \/>\nPlat &#8211; Request for boxes and accommodation<br \/>\n<\/strong><\/p>\n<p style=\"text-align: center;\"><a href=\"https:\/\/hippodrome-cotedazur.fr\/espace-pro\/2026-Plat-Request-for-boxes-and-accomodation.pdf\" target=\"_blank\"  class=\"qbutton  small\" style=\"\">DOWNLOAD<\/a><\/p>\n<p style=\"text-align: center;\"><strong>\u00a0<\/strong><\/p>\n<p>[\/vc_column_text][vc_empty_space height=\u00a0\u00bb40px\u00a0\u00bb][\/vc_column_inner][\/vc_row_inner][\/vc_column][vc_column width=\u00a0\u00bb1\/6&Prime;][\/vc_column][\/vc_row][vc_row row_type=\u00a0\u00bbrow\u00a0\u00bb use_row_as_full_screen_section=\u00a0\u00bbno\u00a0\u00bb type=\u00a0\u00bbfull_width\u00a0\u00bb text_align=\u00a0\u00bbleft\u00a0\u00bb background_animation=\u00a0\u00bbnone\u00a0\u00bb css_animation=\u00a0\u00bb\u00a0\u00bb][vc_column width=\u00a0\u00bb1\/6&Prime;][\/vc_column][vc_column css_animation=\u00a0\u00bbfadeInUp\u00a0\u00bb width=\u00a0\u00bb2\/3&Prime;][vc_empty_space height=\u00a0\u00bb100px\u00a0\u00bb][\/vc_column][vc_column width=\u00a0\u00bb1\/6&Prime;][\/vc_column][\/vc_row]<\/p>\n<\/div>","protected":false},"excerpt":{"rendered":"<p>[vc_row row_type=\u00a0\u00bbrow\u00a0\u00bb use_row_as_full_screen_section=\u00a0\u00bbno\u00a0\u00bb type=\u00a0\u00bbfull_width\u00a0\u00bb text_align=\u00a0\u00bbleft\u00a0\u00bb background_animation=\u00a0\u00bbnone\u00a0\u00bb css_animation=\u00a0\u00bb\u00a0\u00bb][vc_column width=\u00a0\u00bb1\/6&Prime;][\/vc_column][vc_column css_animation=\u00a0\u00bbfadeInUp\u00a0\u00bb width=\u00a0\u00bb2\/3&Prime;][vc_row_inner row_type=\u00a0\u00bbrow\u00a0\u00bb type=\u00a0\u00bbfull_width\u00a0\u00bb use_row_as_full_screen_section_slide=\u00a0\u00bbno\u00a0\u00bb text_align=\u00a0\u00bbleft\u00a0\u00bb css_animation=\u00a0\u00bb\u00a0\u00bb][vc_column_inner][vc_empty_space height=\u00a0\u00bb40px\u00a0\u00bb][vc_column_text css=\u00a0\u00bb.vc_custom_1511257976913{padding-right: 20px !important;padding-left: 20px&#8230;<\/p>\n","protected":false},"author":1,"featured_media":0,"parent":0,"menu_order":0,"comment_status":"closed","ping_status":"closed","template":"full_width.php","meta":{"footnotes":"","_links_to":"","_links_to_target":""},"class_list":["post-22484","page","type-page","status-publish","hentry"],"_links":{"self":[{"href":"https:\/\/hippodrome-cotedazur.fr\/site\/wp-json\/wp\/v2\/pages\/22484","targetHints":{"allow":["GET"]}}],"collection":[{"href":"https:\/\/hippodrome-cotedazur.fr\/site\/wp-json\/wp\/v2\/pages"}],"about":[{"href":"https:\/\/hippodrome-cotedazur.fr\/site\/wp-json\/wp\/v2\/types\/page"}],"author":[{"embeddable":true,"href":"https:\/\/hippodrome-cotedazur.fr\/site\/wp-json\/wp\/v2\/users\/1"}],"replies":[{"embeddable":true,"href":"https:\/\/hippodrome-cotedazur.fr\/site\/wp-json\/wp\/v2\/comments?post=22484"}],"version-history":[{"count":69,"href":"https:\/\/hippodrome-cotedazur.fr\/site\/wp-json\/wp\/v2\/pages\/22484\/revisions"}],"predecessor-version":[{"id":24584,"href":"https:\/\/hippodrome-cotedazur.fr\/site\/wp-json\/wp\/v2\/pages\/22484\/revisions\/24584"}],"wp:attachment":[{"href":"https:\/\/hippodrome-cotedazur.fr\/site\/wp-json\/wp\/v2\/media?parent=22484"}],"curies":[{"name":"wp","href":"https:\/\/api.w.org\/{rel}","templated":true}]}}